{"id":6582,"date":"2023-12-28T09:33:50","date_gmt":"2023-12-28T09:33:50","guid":{"rendered":"https:\/\/quadrille.pl\/?page_id=6582"},"modified":"2026-02-09T07:33:25","modified_gmt":"2026-02-09T07:33:25","slug":"day-spa","status":"publish","type":"page","link":"https:\/\/quadrille.pl\/en\/day-spa\/","title":{"rendered":"DAY SPA"},"content":{"rendered":"<div data-elementor-type=\"wp-page\" data-elementor-id=\"6582\" class=\"elementor elementor-6582\">\n\t\t\t\t\t\t<section class=\"elementor-section elementor-top-section elementor-element elementor-element-7955df0a elementor-section-full_width elementor-section-height-default elementor-section-height-default\" data-id=\"7955df0a\" data-element_type=\"section\" data-e-type=\"section\" data-settings=\"{&quot;background_background&quot;:&quot;classic&quot;}\">\n\t\t\t\t\t\t\t<div class=\"elementor-background-overlay\"><\/div>\n\t\t\t\t\t\t\t<div class=\"elementor-container elementor-column-gap-no\">\n\t\t\t\t\t<div class=\"elementor-column elementor-col-100 elementor-top-column elementor-element elementor-element-1836f91\" data-id=\"1836f91\" data-element_type=\"column\" data-e-type=\"column\">\n\t\t\t<div class=\"elementor-widget-wrap elementor-element-populated\">\n\t\t\t\t\t\t<div class=\"elementor-element elementor-element-4150316d elementor-widget elementor-widget-kinsley-intro\" data-id=\"4150316d\" data-element_type=\"widget\" data-e-type=\"widget\" data-widget_type=\"kinsley-intro.default\">\n\t\t\t\t<div class=\"elementor-widget-container\">\n\t\t\t\t\t\r\n    <!-- banner -->\r\n    <section class=\"knsl-banner-simple knsl-transition-bottom knsl-banner-white\">\r\n      \r\n\t  \t  <div class=\"knsl-cover-frame\">\r\n\t\t\t\t\t\t<div style=\"background-image: url('https:\/\/quadrille.pl\/wp-content\/uploads\/2023\/12\/day-spa-gdynia-quadrille-1920x768.jpg');\" class=\"knsl-parallax knsl-banner-slide\"><\/div>\r\n\t\t\t\t\t\t\t\t\t  <\/div>\r\n\t  <div class=\"knsl-overlay\" style=\"opacity: 1;\"><\/div>\r\n\t  \r\n      <div class=\"container\">\r\n        <div class=\"row\">\r\n          <div class=\"col-lg-12\">\r\n\r\n            <div class=\"knsl-center knsl-title-frame\">\r\n                            <h3 class=\"knsl-title--h knsl-mb-20 knsl-h1-inner\">\r\n                <span >\r\n                    Day SPA                <\/span>\r\n              <\/h3>\r\n                            \r\n              \r\n            <\/div>\r\n\r\n          <\/div>\r\n        <\/div>\r\n      <\/div>\r\n    <\/section>\r\n    <!-- banner end -->\r\n\r\n\t\t\t\t\t\t<\/div>\n\t\t\t\t<\/div>\n\t\t\t\t\t<\/div>\n\t\t<\/div>\n\t\t\t\t\t<\/div>\n\t\t<\/section>\n\t\t\t\t<section class=\"elementor-section elementor-top-section elementor-element elementor-element-1e9eaa02 elementor-reverse-mobile elementor-section-boxed elementor-section-height-default elementor-section-height-default\" data-id=\"1e9eaa02\" data-element_type=\"section\" data-e-type=\"section\">\n\t\t\t\t\t\t<div class=\"elementor-container elementor-column-gap-wider\">\n\t\t\t\t\t<div class=\"elementor-column elementor-col-100 elementor-top-column elementor-element elementor-element-3f86bec5\" data-id=\"3f86bec5\" data-element_type=\"column\" data-e-type=\"column\">\n\t\t\t<div class=\"elementor-widget-wrap elementor-element-populated\">\n\t\t\t\t\t\t<div class=\"elementor-element elementor-element-4b9a68c5 elementor-widget elementor-widget-heading\" data-id=\"4b9a68c5\" data-element_type=\"widget\" data-e-type=\"widget\" data-widget_type=\"heading.default\">\n\t\t\t\t<div class=\"elementor-widget-container\">\n\t\t\t\t\t<h4 class=\"elementor-heading-title elementor-size-default\">Sometimes we all need a moment of relaxation and an escape from everyday life, if only for a few hours. Our Day Spa offers blissful relaxation in a comfortable space with an adults-only swimming pool and saunas....\n<\/h4>\t\t\t\t<\/div>\n\t\t\t\t<\/div>\n\t\t\t\t\t<\/div>\n\t\t<\/div>\n\t\t\t\t\t<\/div>\n\t\t<\/section>\n\t\t\t\t<section class=\"elementor-section elementor-top-section elementor-element elementor-element-5d1401c elementor-reverse-mobile elementor-section-boxed elementor-section-height-default elementor-section-height-default\" data-id=\"5d1401c\" data-element_type=\"section\" data-e-type=\"section\" data-settings=\"{&quot;background_background&quot;:&quot;classic&quot;}\">\n\t\t\t\t\t\t<div class=\"elementor-container elementor-column-gap-wider\">\n\t\t\t\t\t<div class=\"elementor-column elementor-col-100 elementor-top-column elementor-element elementor-element-54814413\" data-id=\"54814413\" data-element_type=\"column\" data-e-type=\"column\">\n\t\t\t<div class=\"elementor-widget-wrap elementor-element-populated\">\n\t\t\t\t\t\t<div class=\"elementor-element elementor-element-76fb4784 elementor-widget elementor-widget-heading\" data-id=\"76fb4784\" data-element_type=\"widget\" data-e-type=\"widget\" data-widget_type=\"heading.default\">\n\t\t\t\t<div class=\"elementor-widget-container\">\n\t\t\t\t\t<h3 class=\"elementor-heading-title elementor-size-default\">Option 1\n<\/h3>\t\t\t\t<\/div>\n\t\t\t\t<\/div>\n\t\t\t\t<div class=\"elementor-element elementor-element-43a350fe elementor-widget elementor-widget-text-editor\" data-id=\"43a350fe\" data-element_type=\"widget\" data-e-type=\"widget\" data-widget_type=\"text-editor.default\">\n\t\t\t\t<div class=\"elementor-widget-container\">\n\t\t\t\t\t\t\t\t\t<ul><li>- Full body peeling - various fragrances to choose from;<\/li><li>- Relaxing full-body massage with hot oils;<\/li><li>- access to the a\u02daquadrille area.<\/li><li>\u00a0<\/li><li>Duration of treatment: approx. 1.5 h<\/li><li>Standard price: 500 PLN<\/li><li><strong>Cena w pakiecie: 480 PLN<\/strong><\/li><\/ul>\t\t\t\t\t\t\t\t<\/div>\n\t\t\t\t<\/div>\n\t\t\t\t\t<\/div>\n\t\t<\/div>\n\t\t\t\t\t<\/div>\n\t\t<\/section>\n\t\t\t\t<section class=\"elementor-section elementor-top-section elementor-element elementor-element-6cde622 elementor-reverse-mobile elementor-section-boxed elementor-section-height-default elementor-section-height-default\" data-id=\"6cde622\" data-element_type=\"section\" data-e-type=\"section\" data-settings=\"{&quot;background_background&quot;:&quot;classic&quot;}\">\n\t\t\t\t\t\t<div class=\"elementor-container elementor-column-gap-wider\">\n\t\t\t\t\t<div class=\"elementor-column elementor-col-100 elementor-top-column elementor-element elementor-element-5e7ceb9\" data-id=\"5e7ceb9\" data-element_type=\"column\" data-e-type=\"column\">\n\t\t\t<div class=\"elementor-widget-wrap elementor-element-populated\">\n\t\t\t\t\t\t<div class=\"elementor-element elementor-element-cf1cf9f elementor-widget elementor-widget-heading\" data-id=\"cf1cf9f\" data-element_type=\"widget\" data-e-type=\"widget\" data-widget_type=\"heading.default\">\n\t\t\t\t<div class=\"elementor-widget-container\">\n\t\t\t\t\t<h3 class=\"elementor-heading-title elementor-size-default\">Option II\n<\/h3>\t\t\t\t<\/div>\n\t\t\t\t<\/div>\n\t\t\t\t<div class=\"elementor-element elementor-element-35c9ff4 elementor-widget elementor-widget-text-editor\" data-id=\"35c9ff4\" data-element_type=\"widget\" data-e-type=\"widget\" data-widget_type=\"text-editor.default\">\n\t\t\t\t<div class=\"elementor-widget-container\">\n\t\t\t\t\t\t\t\t\t<ul><li>\u2022 lawendowy Rytua\u0142 Quadrille \u2013 oczyszczenie cia\u0142a wraz z masa\u017cem;\u00a0<\/li><li>- A soothing facial treatment by Mesoestetic - Anti Stress Calm Touch;\u00a0<\/li><li>- access to the a\u02daquadrille area.\u00a0<\/li><li>\u00a0<\/li><li>Duration of treatment: approx. 2.5 h\u00a0<\/li><li>Standardowa cena: 880 PLN\u00a0<\/li><li><strong>Cena w pakiecie: 860 PLN\u00a0<\/strong><\/li><\/ul>\t\t\t\t\t\t\t\t<\/div>\n\t\t\t\t<\/div>\n\t\t\t\t\t<\/div>\n\t\t<\/div>\n\t\t\t\t\t<\/div>\n\t\t<\/section>\n\t\t\t\t<section class=\"elementor-section elementor-top-section elementor-element elementor-element-6b6792a elementor-reverse-mobile elementor-section-boxed elementor-section-height-default elementor-section-height-default\" data-id=\"6b6792a\" data-element_type=\"section\" data-e-type=\"section\" data-settings=\"{&quot;background_background&quot;:&quot;classic&quot;}\">\n\t\t\t\t\t\t<div class=\"elementor-container elementor-column-gap-wider\">\n\t\t\t\t\t<div class=\"elementor-column elementor-col-100 elementor-top-column elementor-element elementor-element-62fafc0\" data-id=\"62fafc0\" data-element_type=\"column\" data-e-type=\"column\">\n\t\t\t<div class=\"elementor-widget-wrap elementor-element-populated\">\n\t\t\t\t\t\t<div class=\"elementor-element elementor-element-ffeb07e elementor-widget elementor-widget-heading\" data-id=\"ffeb07e\" data-element_type=\"widget\" data-e-type=\"widget\" data-widget_type=\"heading.default\">\n\t\t\t\t<div class=\"elementor-widget-container\">\n\t\t\t\t\t<h3 class=\"elementor-heading-title elementor-size-default\">Option III<\/h3>\t\t\t\t<\/div>\n\t\t\t\t<\/div>\n\t\t\t\t<div class=\"elementor-element elementor-element-ea470ce elementor-widget elementor-widget-text-editor\" data-id=\"ea470ce\" data-element_type=\"widget\" data-e-type=\"widget\" data-widget_type=\"text-editor.default\">\n\t\t\t\t<div class=\"elementor-widget-container\">\n\t\t\t\t\t\t\t\t\t<ul><li>- Full body peeling - various fragrances to choose from;\u00a0<\/li><li>- Aromatherapy massage by Lovish - six different oils to choose from;\u00a0<\/li><li>\u2022 g\u0142\u0119boko nawil\u017caj\u0105cy zabieg na twarz marki Mesoestetic \u2013 MesoHYAL Infusion;\u00a0<\/li><li>- a glass of Prosecco or Lemonade;\u00a0<\/li><li>- access to the a\u02daquadrille area.\u00a0<\/li><li>\u00a0<\/li><li>Duration of treatment: approx. 3 h\u00a0<\/li><li>Standard price: 1045 PLN\u00a0<\/li><li><strong>Cena w pakiecie: 1020 PLN\u00a0<\/strong><\/li><\/ul>\t\t\t\t\t\t\t\t<\/div>\n\t\t\t\t<\/div>\n\t\t\t\t\t<\/div>\n\t\t<\/div>\n\t\t\t\t\t<\/div>\n\t\t<\/section>\n\t\t\t\t<section class=\"elementor-section elementor-top-section elementor-element elementor-element-f528a5f elementor-reverse-mobile elementor-section-boxed elementor-section-height-default elementor-section-height-default\" data-id=\"f528a5f\" data-element_type=\"section\" data-e-type=\"section\" data-settings=\"{&quot;background_background&quot;:&quot;classic&quot;}\">\n\t\t\t\t\t\t<div class=\"elementor-container elementor-column-gap-wider\">\n\t\t\t\t\t<div class=\"elementor-column elementor-col-100 elementor-top-column elementor-element elementor-element-79ac7cd\" data-id=\"79ac7cd\" data-element_type=\"column\" data-e-type=\"column\">\n\t\t\t<div class=\"elementor-widget-wrap elementor-element-populated\">\n\t\t\t\t\t\t<div class=\"elementor-element elementor-element-4268b19 elementor-widget elementor-widget-heading\" data-id=\"4268b19\" data-element_type=\"widget\" data-e-type=\"widget\" data-widget_type=\"heading.default\">\n\t\t\t\t<div class=\"elementor-widget-container\">\n\t\t\t\t\t<h3 class=\"elementor-heading-title elementor-size-default\">Option IV<\/h3>\t\t\t\t<\/div>\n\t\t\t\t<\/div>\n\t\t\t\t<div class=\"elementor-element elementor-element-fca5d98 elementor-widget elementor-widget-text-editor\" data-id=\"fca5d98\" data-element_type=\"widget\" data-e-type=\"widget\" data-widget_type=\"text-editor.default\">\n\t\t\t\t<div class=\"elementor-widget-container\">\n\t\t\t\t\t\t\t\t\t<ul><li>- salt stone massage<\/li><li>- facial treatment - Hydrafacial Sensitive<\/li><li>\u2022 kieliszek Prosecco lub Lemoniada<\/li><li>\u2022 dost\u0119p do strefy A\u2019Quadrille<\/li><li>\u2022 lunch w Pubie 10\/6<\/li><li>\u00a0<\/li><li>Czas trwania zabieg\u00f3w: ok 3 h<\/li><li>Standardowa cena : 1110 PLN<\/li><li><strong>Cena w pakiecie: 1085 PLN<\/strong><\/li><\/ul>\t\t\t\t\t\t\t\t<\/div>\n\t\t\t\t<\/div>\n\t\t\t\t\t<\/div>\n\t\t<\/div>\n\t\t\t\t\t<\/div>\n\t\t<\/section>\n\t\t\t\t<section class=\"elementor-section elementor-top-section elementor-element elementor-element-1a298b4d elementor-section-boxed elementor-section-height-default elementor-section-height-default\" data-id=\"1a298b4d\" data-element_type=\"section\" data-e-type=\"section\">\n\t\t\t\t\t\t<div class=\"elementor-container elementor-column-gap-custom\">\n\t\t\t\t\t<div class=\"elementor-column elementor-col-50 elementor-top-column elementor-element elementor-element-2e183415\" data-id=\"2e183415\" data-element_type=\"column\" data-e-type=\"column\">\n\t\t\t<div class=\"elementor-widget-wrap elementor-element-populated\">\n\t\t\t\t\t\t<div class=\"elementor-element elementor-element-ff94f02 elementor-widget elementor-widget-image\" data-id=\"ff94f02\" data-element_type=\"widget\" data-e-type=\"widget\" data-widget_type=\"image.default\">\n\t\t\t\t<div class=\"elementor-widget-container\">\n\t\t\t\t\t\t\t\t\t\t\t\t\t\t\t<img decoding=\"async\" src=\"https:\/\/quadrille.pl\/wp-content\/uploads\/elementor\/thumbs\/Basen-gdynia-quadrille-2-1-qri3r8sp0lviwd29dqiah7ewnrmup2ysna3wmtzpk0.jpg\" title=\"Swimming pool Gdynia quadrille (2)\" alt=\"Swimming pool Gdynia quadrille (2)\" loading=\"lazy\" \/>\t\t\t\t\t\t\t\t\t\t\t\t\t\t\t<\/div>\n\t\t\t\t<\/div>\n\t\t\t\t\t<\/div>\n\t\t<\/div>\n\t\t\t\t<div class=\"elementor-column elementor-col-50 elementor-top-column elementor-element elementor-element-233bd8d1\" data-id=\"233bd8d1\" data-element_type=\"column\" data-e-type=\"column\">\n\t\t\t<div class=\"elementor-widget-wrap elementor-element-populated\">\n\t\t\t\t\t\t<div class=\"elementor-element elementor-element-30b9743e elementor-widget elementor-widget-heading\" data-id=\"30b9743e\" data-element_type=\"widget\" data-e-type=\"widget\" data-widget_type=\"heading.default\">\n\t\t\t\t<div class=\"elementor-widget-container\">\n\t\t\t\t\t<h3 class=\"elementor-heading-title elementor-size-default\">Reservation:\n<\/h3>\t\t\t\t<\/div>\n\t\t\t\t<\/div>\n\t\t\t\t<div class=\"elementor-element elementor-element-3302ddc2 elementor-widget elementor-widget-text-editor\" data-id=\"3302ddc2\" data-element_type=\"widget\" data-e-type=\"widget\" data-widget_type=\"text-editor.default\">\n\t\t\t\t<div class=\"elementor-widget-container\">\n\t\t\t\t\t\t\t\t\t<div><a>spa@quadrille.pl<\/a><\/div><div>+48 58 351 03 20<\/div><div>+ 48 609 991 209\u00a0<\/div><div>\u00a0<\/div><div><p>Come on in!<\/p><\/div>\t\t\t\t\t\t\t\t<\/div>\n\t\t\t\t<\/div>\n\t\t\t\t<div class=\"elementor-element elementor-element-4d19ee90 elementor-widget elementor-widget-heading\" data-id=\"4d19ee90\" data-element_type=\"widget\" data-e-type=\"widget\" data-widget_type=\"heading.default\">\n\t\t\t\t<div class=\"elementor-widget-container\">\n\t\t\t\t\t<h3 class=\"elementor-heading-title elementor-size-default\">Terms of reservation:\n<\/h3>\t\t\t\t<\/div>\n\t\t\t\t<\/div>\n\t\t\t\t<div class=\"elementor-element elementor-element-2db4db56 elementor-widget elementor-widget-text-editor\" data-id=\"2db4db56\" data-element_type=\"widget\" data-e-type=\"widget\" data-widget_type=\"text-editor.default\">\n\t\t\t\t<div class=\"elementor-widget-container\">\n\t\t\t\t\t\t\t\t\t<p>We recommend that you book your treatments in advance to ensure that you benefit from the services at a convenient time.<\/p><p>We encourage you to contact the spa reception in advance,<br \/>where our specialists will be happy to help you choose the treatments best suited to your needs.<\/p><p>For your comfort, we recommend that you arrive at the spa lobby at least 10 minutes before your scheduled treatment time. If you arrive late, your treatment may be shortened without any reduction in price.<\/p>\t\t\t\t\t\t\t\t<\/div>\n\t\t\t\t<\/div>\n\t\t\t\t\t<\/div>\n\t\t<\/div>\n\t\t\t\t\t<\/div>\n\t\t<\/section>\n\t\t\t\t<\/div>","protected":false},"excerpt":{"rendered":"<p>Day SPA Sometimes we all need a moment of relaxation and an escape from everyday life, if only for a few hours. As part of the offer... <span class=\"knsl-el-more\"><a href=\"https:\/\/quadrille.pl\/en\/day-spa\/\" class=\"knsl-btn\">Read more<span class=\"screen-reader-text\">Read more Day spa<\/span><\/a><\/span><\/p>","protected":false},"author":4,"featured_media":0,"parent":0,"menu_order":0,"comment_status":"closed","ping_status":"closed","template":"elementor_header_footer","meta":{"footnotes":""},"class_list":["post-6582","page","type-page","status-publish","hentry"],"acf":[],"aioseo_notices":[],"_links":{"self":[{"href":"https:\/\/quadrille.pl\/en\/wp-json\/wp\/v2\/pages\/6582","targetHints":{"allow":["GET"]}}],"collection":[{"href":"https:\/\/quadrille.pl\/en\/wp-json\/wp\/v2\/pages"}],"about":[{"href":"https:\/\/quadrille.pl\/en\/wp-json\/wp\/v2\/types\/page"}],"author":[{"embeddable":true,"href":"https:\/\/quadrille.pl\/en\/wp-json\/wp\/v2\/users\/4"}],"replies":[{"embeddable":true,"href":"https:\/\/quadrille.pl\/en\/wp-json\/wp\/v2\/comments?post=6582"}],"version-history":[{"count":27,"href":"https:\/\/quadrille.pl\/en\/wp-json\/wp\/v2\/pages\/6582\/revisions"}],"predecessor-version":[{"id":12878,"href":"https:\/\/quadrille.pl\/en\/wp-json\/wp\/v2\/pages\/6582\/revisions\/12878"}],"wp:attachment":[{"href":"https:\/\/quadrille.pl\/en\/wp-json\/wp\/v2\/media?parent=6582"}],"curies":[{"name":"wp","href":"https:\/\/api.w.org\/{rel}","templated":true}]}}