{"id":8809,"date":"2024-11-07T13:20:29","date_gmt":"2024-11-07T13:20:29","guid":{"rendered":"https:\/\/quadrille.pl\/?page_id=8809"},"modified":"2025-10-14T12:17:58","modified_gmt":"2025-10-14T12:17:58","slug":"marchenhafter-firmenabend-im-hotel-quadrille","status":"publish","type":"page","link":"https:\/\/quadrille.pl\/de\/bajkowa-wigilia-firmowa-w-hotelu-quadrille\/","title":{"rendered":"M\u00e4rchenhaftes Unternehmen Heiligabend im Hotel Quadrille"},"content":{"rendered":"<div data-elementor-type=\"wp-page\" data-elementor-id=\"8809\" class=\"elementor elementor-8809\">\n\t\t\t\t\t\t<section class=\"elementor-section elementor-top-section elementor-element elementor-element-8411c94 elementor-section-full_width elementor-section-height-default elementor-section-height-default\" data-id=\"8411c94\" data-element_type=\"section\" data-e-type=\"section\">\n\t\t\t\t\t\t<div class=\"elementor-container elementor-column-gap-default\">\n\t\t\t\t\t<div class=\"elementor-column elementor-col-100 elementor-top-column elementor-element elementor-element-3aca343\" data-id=\"3aca343\" data-element_type=\"column\" data-e-type=\"column\">\n\t\t\t<div class=\"elementor-widget-wrap elementor-element-populated\">\n\t\t\t\t\t\t<div class=\"elementor-element elementor-element-cd2fb26 elementor-widget elementor-widget-kinsley-intro\" data-id=\"cd2fb26\" data-element_type=\"widget\" data-e-type=\"widget\" data-widget_type=\"kinsley-intro.default\">\n\t\t\t\t<div class=\"elementor-widget-container\">\n\t\t\t\t\t\r\n    <!-- banner -->\r\n    <section class=\"knsl-banner-simple knsl-transition-bottom knsl-banner-white\">\r\n      \r\n\t  \t  <div class=\"knsl-cover-frame\">\r\n\t\t\t\t\t\t<div style=\"background-image: url('https:\/\/quadrille.pl\/wp-content\/uploads\/2024\/11\/Kopia-_DSC4499m.jpg');\" class=\"knsl-parallax knsl-banner-slide\"><\/div>\r\n\t\t\t\t\t\t\t\t\t  <\/div>\r\n\t  <div class=\"knsl-overlay\" style=\"opacity: 1;\"><\/div>\r\n\t  \r\n      <div class=\"container\">\r\n        <div class=\"row\">\r\n          <div class=\"col-lg-12\">\r\n\r\n            <div class=\"knsl-center knsl-title-frame\">\r\n                            <h1 class=\"knsl-title--h knsl-mb-20 knsl-h1-inner\">\r\n                <span >\r\n                    M\u00e4rchenhaftes Unternehmen Heiligabend im Hotel Quadrille                <\/span>\r\n              <\/h1>\r\n                            \r\n              \r\n            <\/div>\r\n\r\n          <\/div>\r\n        <\/div>\r\n      <\/div>\r\n    <\/section>\r\n    <!-- banner end -->\r\n\r\n\t\t\t\t\t\t<\/div>\n\t\t\t\t<\/div>\n\t\t\t\t\t<\/div>\n\t\t<\/div>\n\t\t\t\t\t<\/div>\n\t\t<\/section>\n\t\t\t\t<section class=\"elementor-section elementor-top-section elementor-element elementor-element-626f6a0 elementor-section-boxed elementor-section-height-default elementor-section-height-default\" data-id=\"626f6a0\" data-element_type=\"section\" data-e-type=\"section\">\n\t\t\t\t\t\t<div class=\"elementor-container elementor-column-gap-default\">\n\t\t\t\t\t<div class=\"elementor-column elementor-col-100 elementor-top-column elementor-element elementor-element-c77d496\" data-id=\"c77d496\" data-element_type=\"column\" data-e-type=\"column\">\n\t\t\t<div class=\"elementor-widget-wrap elementor-element-populated\">\n\t\t\t\t\t\t<div class=\"elementor-element elementor-element-5a3c3e2 elementor-widget elementor-widget-text-editor\" data-id=\"5a3c3e2\" data-element_type=\"widget\" data-e-type=\"widget\" data-widget_type=\"text-editor.default\">\n\t\t\t\t<div class=\"elementor-widget-container\">\n\t\t\t\t\t\t\t\t\t<h3>In einem Land, das von den Abenteuern von Alice im Wunderland inspiriert ist, wissen wir sehr wohl, dass der Dezember \"<em>die sch\u00f6nste Zeit des Jahres\".<\/em>\u00a0<\/h3>\t\t\t\t\t\t\t\t<\/div>\n\t\t\t\t<\/div>\n\t\t\t\t<section class=\"elementor-section elementor-inner-section elementor-element elementor-element-0dc49ca elementor-section-boxed elementor-section-height-default elementor-section-height-default\" data-id=\"0dc49ca\" data-element_type=\"section\" data-e-type=\"section\">\n\t\t\t\t\t\t<div class=\"elementor-container elementor-column-gap-default\">\n\t\t\t\t\t<div class=\"elementor-column elementor-col-50 elementor-inner-column elementor-element elementor-element-5944d31\" data-id=\"5944d31\" data-element_type=\"column\" data-e-type=\"column\">\n\t\t\t<div class=\"elementor-widget-wrap elementor-element-populated\">\n\t\t\t\t\t\t<div class=\"elementor-element elementor-element-d0916ff elementor-widget elementor-widget-text-editor\" data-id=\"d0916ff\" data-element_type=\"widget\" data-e-type=\"widget\" data-widget_type=\"text-editor.default\">\n\t\t\t\t<div class=\"elementor-widget-container\">\n\t\t\t\t\t\t\t\t\t<p class=\"MsoNormal\"><strong>Die Atmosph\u00e4re des nahenden Weihnachtsfestes wird hier mit einer M\u00e4rchenwelt aus der Fantasie von Lewis Carroll kombiniert. <br \/>Und in dieser Umgebung geschehen rei\u00dferische Dinge, an denen Sie teilnehmen k\u00f6nnen.<\/strong><\/p>\t\t\t\t\t\t\t\t<\/div>\n\t\t\t\t<\/div>\n\t\t\t\t<div class=\"elementor-element elementor-element-bb6fa2a elementor-widget elementor-widget-text-editor\" data-id=\"bb6fa2a\" data-element_type=\"widget\" data-e-type=\"widget\" data-widget_type=\"text-editor.default\">\n\t\t\t\t<div class=\"elementor-widget-container\">\n\t\t\t\t\t\t\t\t\t<p>Ein m\u00e4rchenhafter Firmenweihnachtsabend im Quadrille Hotel ist eine Chance f\u00fcr au\u00dfergew\u00f6hnliche Entdeckungen. Wir versichern Ihnen, dass Sie nicht jeden Tag an Firmenveranstaltungen in solchen R\u00e4umen teilnehmen. Sie haben nicht die M\u00f6glichkeit, Ihren Gesch\u00e4ftstreffen einen Hauch von Magie zu verleihen.<\/p><p>Nun, dieses Mal haben Sie die Gelegenheit dazu.<\/p>\t\t\t\t\t\t\t\t<\/div>\n\t\t\t\t<\/div>\n\t\t\t\t\t<\/div>\n\t\t<\/div>\n\t\t\t\t<div class=\"elementor-column elementor-col-50 elementor-inner-column elementor-element elementor-element-b8bb431\" data-id=\"b8bb431\" data-element_type=\"column\" data-e-type=\"column\">\n\t\t\t<div class=\"elementor-widget-wrap\">\n\t\t\t\t\t\t\t<\/div>\n\t\t<\/div>\n\t\t\t\t\t<\/div>\n\t\t<\/section>\n\t\t\t\t\t<\/div>\n\t\t<\/div>\n\t\t\t\t\t<\/div>\n\t\t<\/section>\n\t\t\t\t<section class=\"elementor-section elementor-top-section elementor-element elementor-element-50f7b0b elementor-section-boxed elementor-section-height-default elementor-section-height-default\" data-id=\"50f7b0b\" data-element_type=\"section\" data-e-type=\"section\">\n\t\t\t\t\t\t<div class=\"elementor-container elementor-column-gap-default\">\n\t\t\t\t\t<div class=\"elementor-column elementor-col-50 elementor-top-column elementor-element elementor-element-50110ac\" data-id=\"50110ac\" data-element_type=\"column\" data-e-type=\"column\">\n\t\t\t<div class=\"elementor-widget-wrap elementor-element-populated\">\n\t\t\t\t\t\t<div class=\"elementor-element elementor-element-26d56a9 elementor-widget elementor-widget-html\" data-id=\"26d56a9\" data-element_type=\"widget\" data-e-type=\"widget\" data-widget_type=\"html.default\">\n\t\t\t\t<div class=\"elementor-widget-container\">\n\t\t\t\t\t<button class=\"knsl-btn\" onclick=\"document.location.href = 'tel:+48887997700'\" >zarezerwuj termin<\/button>\n\t\t\t\t<\/div>\n\t\t\t\t<\/div>\n\t\t\t\t\t<\/div>\n\t\t<\/div>\n\t\t\t\t<div class=\"elementor-column elementor-col-50 elementor-top-column elementor-element elementor-element-052b790\" data-id=\"052b790\" data-element_type=\"column\" data-e-type=\"column\">\n\t\t\t<div class=\"elementor-widget-wrap elementor-element-populated\">\n\t\t\t\t\t\t<div class=\"elementor-element elementor-element-7e11db6 elementor-widget elementor-widget-html\" data-id=\"7e11db6\" data-element_type=\"widget\" data-e-type=\"widget\" data-widget_type=\"html.default\">\n\t\t\t\t<div class=\"elementor-widget-container\">\n\t\t\t\t\t<a href=\"https:\/\/quadrille.pl\/wp-content\/uploads\/2024\/11\/Qadrille-bajkowa-wigilia-firmowa-2.pdf\" class=\"knsl-btn\">Poznaj nasz\u0105 ofert\u0119<\/a>\n\t\t\t\t<\/div>\n\t\t\t\t<\/div>\n\t\t\t\t\t<\/div>\n\t\t<\/div>\n\t\t\t\t\t<\/div>\n\t\t<\/section>\n\t\t\t\t<section class=\"elementor-section elementor-top-section elementor-element elementor-element-3f34bdc elementor-section-boxed elementor-section-height-default elementor-section-height-default\" data-id=\"3f34bdc\" data-element_type=\"section\" data-e-type=\"section\">\n\t\t\t\t\t\t<div class=\"elementor-container elementor-column-gap-default\">\n\t\t\t\t\t<div class=\"elementor-column elementor-col-50 elementor-top-column elementor-element elementor-element-e3f716c\" data-id=\"e3f716c\" data-element_type=\"column\" data-e-type=\"column\">\n\t\t\t<div class=\"elementor-widget-wrap\">\n\t\t\t\t\t\t\t<\/div>\n\t\t<\/div>\n\t\t\t\t<div class=\"elementor-column elementor-col-50 elementor-top-column elementor-element elementor-element-363c5d9\" data-id=\"363c5d9\" data-element_type=\"column\" data-e-type=\"column\">\n\t\t\t<div class=\"elementor-widget-wrap elementor-element-populated\">\n\t\t\t\t\t\t<div class=\"elementor-element elementor-element-fe233b7 elementor-widget elementor-widget-spacer\" data-id=\"fe233b7\" data-element_type=\"widget\" data-e-type=\"widget\" data-widget_type=\"spacer.default\">\n\t\t\t\t<div class=\"elementor-widget-container\">\n\t\t\t\t\t\t\t<div class=\"elementor-spacer\">\n\t\t\t<div class=\"elementor-spacer-inner\"><\/div>\n\t\t<\/div>\n\t\t\t\t\t\t<\/div>\n\t\t\t\t<\/div>\n\t\t\t\t<div class=\"elementor-element elementor-element-18b6c00 elementor-widget elementor-widget-text-editor\" data-id=\"18b6c00\" data-element_type=\"widget\" data-e-type=\"widget\" data-widget_type=\"text-editor.default\">\n\t\t\t\t<div class=\"elementor-widget-container\">\n\t\t\t\t\t\t\t\t\t<h3>- Und sollten Sie \u00fcberhaupt hineingehen? -<br \/>- Das ist n\u00e4mlich der eigentliche Ausgangspunkt.<\/h3>\t\t\t\t\t\t\t\t<\/div>\n\t\t\t\t<\/div>\n\t\t\t\t<div class=\"elementor-element elementor-element-2609898 elementor-widget elementor-widget-text-editor\" data-id=\"2609898\" data-element_type=\"widget\" data-e-type=\"widget\" data-widget_type=\"text-editor.default\">\n\t\t\t\t<div class=\"elementor-widget-container\">\n\t\t\t\t\t\t\t\t\t<h3>Lewis Carrol, \"Alice im Wunderland\".<\/h3>\t\t\t\t\t\t\t\t<\/div>\n\t\t\t\t<\/div>\n\t\t\t\t\t<\/div>\n\t\t<\/div>\n\t\t\t\t\t<\/div>\n\t\t<\/section>\n\t\t\t\t<section class=\"elementor-section elementor-top-section elementor-element elementor-element-2303d0d elementor-section-boxed elementor-section-height-default elementor-section-height-default\" data-id=\"2303d0d\" data-element_type=\"section\" data-e-type=\"section\">\n\t\t\t\t\t\t<div class=\"elementor-container elementor-column-gap-default\">\n\t\t\t\t\t<div class=\"elementor-column elementor-col-100 elementor-top-column elementor-element elementor-element-e918a37\" data-id=\"e918a37\" data-element_type=\"column\" data-e-type=\"column\">\n\t\t\t<div class=\"elementor-widget-wrap elementor-element-populated\">\n\t\t\t\t\t\t<div class=\"elementor-element elementor-element-c20cae9 elementor-widget elementor-widget-spacer\" data-id=\"c20cae9\" data-element_type=\"widget\" data-e-type=\"widget\" data-widget_type=\"spacer.default\">\n\t\t\t\t<div class=\"elementor-widget-container\">\n\t\t\t\t\t\t\t<div class=\"elementor-spacer\">\n\t\t\t<div class=\"elementor-spacer-inner\"><\/div>\n\t\t<\/div>\n\t\t\t\t\t\t<\/div>\n\t\t\t\t<\/div>\n\t\t\t\t<section class=\"elementor-section elementor-inner-section elementor-element elementor-element-243ae62 elementor-section-boxed elementor-section-height-default elementor-section-height-default\" data-id=\"243ae62\" data-element_type=\"section\" data-e-type=\"section\">\n\t\t\t\t\t\t<div class=\"elementor-container elementor-column-gap-default\">\n\t\t\t\t\t<div class=\"elementor-column elementor-col-50 elementor-inner-column elementor-element elementor-element-d85d86f\" data-id=\"d85d86f\" data-element_type=\"column\" data-e-type=\"column\">\n\t\t\t<div class=\"elementor-widget-wrap elementor-element-populated\">\n\t\t\t\t\t\t<div class=\"elementor-element elementor-element-6c547c4 elementor-widget elementor-widget-text-editor\" data-id=\"6c547c4\" data-element_type=\"widget\" data-e-type=\"widget\" data-widget_type=\"text-editor.default\">\n\t\t\t\t<div class=\"elementor-widget-container\">\n\t\t\t\t\t\t\t\t\t<p class=\"MsoNormal\">Ein serviertes Abendessen, zus\u00e4tzliche Gerichte zum Teilen und Getr\u00e4nke. Das sind die Elemente, aus denen ein Firmenweihnachtsabend im Quadrille Hotel besteht. Dies sind die Bestandteile eines absolut einzigartigen Rezepts, das das Team des White Rabbit Restaurants f\u00fcr diese magische Zeit des Jahres vorbereitet hat.<\/p><p class=\"MsoNormal\">Ein Rezept, das Sie und Ihre Kollegen kennenlernen k\u00f6nnen. Es braucht nur ein wenig Mut, um unsere Welt zu betreten!<\/p>\t\t\t\t\t\t\t\t<\/div>\n\t\t\t\t<\/div>\n\t\t\t\t<div class=\"elementor-element elementor-element-aaf3758 elementor-widget elementor-widget-heading\" data-id=\"aaf3758\" data-element_type=\"widget\" data-e-type=\"widget\" data-widget_type=\"heading.default\">\n\t\t\t\t<div class=\"elementor-widget-container\">\n\t\t\t\t\t<h2 class=\"elementor-heading-title elementor-size-default\"><p>Firmenweihnachtsabend im Quadrille Hotel - kontaktieren Sie uns<span style=\"letter-spacing: 0px\"><\/span><\/p><\/h2>\t\t\t\t<\/div>\n\t\t\t\t<\/div>\n\t\t\t\t<div class=\"elementor-element elementor-element-5bd4237 elementor-widget elementor-widget-text-editor\" data-id=\"5bd4237\" data-element_type=\"widget\" data-e-type=\"widget\" data-widget_type=\"text-editor.default\">\n\t\t\t\t<div class=\"elementor-widget-container\">\n\t\t\t\t\t\t\t\t\t<p class=\"MsoNormal\">Und eine Welt, die so einzigartig ist, braucht gro\u00dfe F\u00fchrer. Wir laden Sie ein, sich mit unseren Mentoren in Verbindung zu setzen, die Sie und Ihr Unternehmen in unser m\u00e4rchenhaftes Land einf\u00fchren werden.<\/p>\t\t\t\t\t\t\t\t<\/div>\n\t\t\t\t<\/div>\n\t\t\t\t<div class=\"elementor-element elementor-element-f8d8d50 elementor-widget elementor-widget-text-editor\" data-id=\"f8d8d50\" data-element_type=\"widget\" data-e-type=\"widget\" data-widget_type=\"text-editor.default\">\n\t\t\t\t<div class=\"elementor-widget-container\">\n\t\t\t\t\t\t\t\t\t<p class=\"MsoNormal\"><span lang=\"EN-US\"><strong>Marcin Malak<\/strong><br \/>E-Mail: <a href=\"mailto:sales2@quadrille.pl\">sales2@quadrille.pl<\/a><br \/>tel: + 48 887 997\u00a0700<\/span><\/p><p class=\"MsoNormal\"><span lang=\"EN-US\"><strong>Joanna Radzikowska<\/strong><br \/>E-Mail: <a href=\"mailto:sales1@quadrille.pl\">sales1@quadrille.pl<\/a> <br \/>tel: 609\u00a0851 255<\/span><\/p>\t\t\t\t\t\t\t\t<\/div>\n\t\t\t\t<\/div>\n\t\t\t\t\t<\/div>\n\t\t<\/div>\n\t\t\t\t<div class=\"elementor-column elementor-col-50 elementor-inner-column elementor-element elementor-element-ac3bc3a\" data-id=\"ac3bc3a\" data-element_type=\"column\" data-e-type=\"column\">\n\t\t\t<div class=\"elementor-widget-wrap elementor-element-populated\">\n\t\t\t\t\t\t<div class=\"elementor-element elementor-element-d816d5e elementor-widget elementor-widget-image\" data-id=\"d816d5e\" data-element_type=\"widget\" data-e-type=\"widget\" data-widget_type=\"image.default\">\n\t\t\t\t<div class=\"elementor-widget-container\">\n\t\t\t\t\t\t\t\t\t\t\t\t\t\t\t<img fetchpriority=\"high\" decoding=\"async\" width=\"768\" height=\"1024\" src=\"https:\/\/quadrille.pl\/wp-content\/uploads\/2024\/08\/Boze-Narodzenie-w-Hotelu-Quadrille-768x1024.jpg\" class=\"attachment-large size-large wp-image-8468\" alt=\"Weihnachten im Quadrille Hotel\" srcset=\"https:\/\/quadrille.pl\/wp-content\/uploads\/2024\/08\/Boze-Narodzenie-w-Hotelu-Quadrille-768x1024.jpg 768w, https:\/\/quadrille.pl\/wp-content\/uploads\/2024\/08\/Boze-Narodzenie-w-Hotelu-Quadrille-225x300.jpg 225w, https:\/\/quadrille.pl\/wp-content\/uploads\/2024\/08\/Boze-Narodzenie-w-Hotelu-Quadrille-1152x1536.jpg 1152w, https:\/\/quadrille.pl\/wp-content\/uploads\/2024\/08\/Boze-Narodzenie-w-Hotelu-Quadrille-9x12.jpg 9w, https:\/\/quadrille.pl\/wp-content\/uploads\/2024\/08\/Boze-Narodzenie-w-Hotelu-Quadrille-950x1267.jpg 950w, https:\/\/quadrille.pl\/wp-content\/uploads\/2024\/08\/Boze-Narodzenie-w-Hotelu-Quadrille-800x1067.jpg 800w, https:\/\/quadrille.pl\/wp-content\/uploads\/2024\/08\/Boze-Narodzenie-w-Hotelu-Quadrille.jpg 1350w\" sizes=\"(max-width: 768px) 100vw, 768px\" \/>\t\t\t\t\t\t\t\t\t\t\t\t\t\t\t<\/div>\n\t\t\t\t<\/div>\n\t\t\t\t\t<\/div>\n\t\t<\/div>\n\t\t\t\t\t<\/div>\n\t\t<\/section>\n\t\t\t\t\t<\/div>\n\t\t<\/div>\n\t\t\t\t\t<\/div>\n\t\t<\/section>\n\t\t\t\t<section class=\"elementor-section elementor-top-section elementor-element elementor-element-7e1a304 elementor-section-boxed elementor-section-height-default elementor-section-height-default\" data-id=\"7e1a304\" data-element_type=\"section\" data-e-type=\"section\">\n\t\t\t\t\t\t<div class=\"elementor-container elementor-column-gap-default\">\n\t\t\t\t\t<div class=\"elementor-column elementor-col-50 elementor-top-column elementor-element elementor-element-60fc2ee\" data-id=\"60fc2ee\" data-element_type=\"column\" data-e-type=\"column\">\n\t\t\t<div class=\"elementor-widget-wrap elementor-element-populated\">\n\t\t\t\t\t\t<div class=\"elementor-element elementor-element-1126c7c elementor-widget elementor-widget-html\" data-id=\"1126c7c\" data-element_type=\"widget\" data-e-type=\"widget\" data-widget_type=\"html.default\">\n\t\t\t\t<div class=\"elementor-widget-container\">\n\t\t\t\t\t<button class=\"knsl-btn\" onclick=\"document.location.href = 'tel:+48887997700'\" >zarezerwuj termin<\/button>\n\t\t\t\t<\/div>\n\t\t\t\t<\/div>\n\t\t\t\t\t<\/div>\n\t\t<\/div>\n\t\t\t\t<div class=\"elementor-column elementor-col-50 elementor-top-column elementor-element elementor-element-b2bdc87\" data-id=\"b2bdc87\" data-element_type=\"column\" data-e-type=\"column\">\n\t\t\t<div class=\"elementor-widget-wrap elementor-element-populated\">\n\t\t\t\t\t\t<div class=\"elementor-element elementor-element-4eee990 elementor-widget elementor-widget-html\" data-id=\"4eee990\" data-element_type=\"widget\" data-e-type=\"widget\" data-widget_type=\"html.default\">\n\t\t\t\t<div class=\"elementor-widget-container\">\n\t\t\t\t\t<a href=\"https:\/\/quadrille.pl\/wp-content\/uploads\/2024\/11\/Qadrille-bajkowa-wigilia-firmowa-2.pdf\" class=\"knsl-btn\">Poznaj nasz\u0105 ofert\u0119<\/a>\n\t\t\t\t<\/div>\n\t\t\t\t<\/div>\n\t\t\t\t\t<\/div>\n\t\t<\/div>\n\t\t\t\t\t<\/div>\n\t\t<\/section>\n\t\t\t\t<section class=\"elementor-section elementor-top-section elementor-element elementor-element-afa52fa elementor-section-boxed elementor-section-height-default elementor-section-height-default\" data-id=\"afa52fa\" data-element_type=\"section\" data-e-type=\"section\">\n\t\t\t\t\t\t<div class=\"elementor-container elementor-column-gap-default\">\n\t\t\t\t\t<div class=\"elementor-column elementor-col-100 elementor-top-column elementor-element elementor-element-e9024bd\" data-id=\"e9024bd\" data-element_type=\"column\" data-e-type=\"column\">\n\t\t\t<div class=\"elementor-widget-wrap elementor-element-populated\">\n\t\t\t\t\t\t<div class=\"elementor-element elementor-element-68edb3c elementor-widget elementor-widget-spacer\" data-id=\"68edb3c\" data-element_type=\"widget\" data-e-type=\"widget\" data-widget_type=\"spacer.default\">\n\t\t\t\t<div class=\"elementor-widget-container\">\n\t\t\t\t\t\t\t<div class=\"elementor-spacer\">\n\t\t\t<div class=\"elementor-spacer-inner\"><\/div>\n\t\t<\/div>\n\t\t\t\t\t\t<\/div>\n\t\t\t\t<\/div>\n\t\t\t\t<div class=\"elementor-element elementor-element-5e9c2a0 elementor-widget elementor-widget-heading\" data-id=\"5e9c2a0\" data-element_type=\"widget\" data-e-type=\"widget\" data-widget_type=\"heading.default\">\n\t\t\t\t<div class=\"elementor-widget-container\">\n\t\t\t\t\t<h2 class=\"elementor-heading-title elementor-size-default\"><p>Wir laden Sie ein, das Angebot zu pr\u00fcfen:<\/p><\/h2>\t\t\t\t<\/div>\n\t\t\t\t<\/div>\n\t\t\t\t<div class=\"elementor-element elementor-element-1a53d47 elementor-arrows-position-inside elementor-pagination-position-outside elementor-widget elementor-widget-image-carousel\" data-id=\"1a53d47\" data-element_type=\"widget\" data-e-type=\"widget\" data-settings=\"{&quot;slides_to_show&quot;:&quot;1&quot;,&quot;navigation&quot;:&quot;both&quot;,&quot;autoplay&quot;:&quot;yes&quot;,&quot;pause_on_hover&quot;:&quot;yes&quot;,&quot;pause_on_interaction&quot;:&quot;yes&quot;,&quot;autoplay_speed&quot;:5000,&quot;infinite&quot;:&quot;yes&quot;,&quot;effect&quot;:&quot;slide&quot;,&quot;speed&quot;:500}\" data-widget_type=\"image-carousel.default\">\n\t\t\t\t<div class=\"elementor-widget-container\">\n\t\t\t\t\t\t\t<div class=\"elementor-image-carousel-wrapper swiper\" role=\"region\" aria-roledescription=\"carousel\" aria-label=\"Karussell der Bilder\" dir=\"ltr\">\n\t\t\t<div class=\"elementor-image-carousel swiper-wrapper\" aria-live=\"off\">\n\t\t\t\t\t\t\t\t<div class=\"swiper-slide\" role=\"group\" aria-roledescription=\"slide\" aria-label=\"1 z 9\"><figure class=\"swiper-slide-inner\"><img decoding=\"async\" class=\"swiper-slide-image\" src=\"https:\/\/quadrille.pl\/wp-content\/uploads\/2025\/09\/1-1024x576.jpg\" alt=\"1\" \/><\/figure><\/div><div class=\"swiper-slide\" role=\"group\" aria-roledescription=\"slide\" aria-label=\"2 z 9\"><figure class=\"swiper-slide-inner\"><img decoding=\"async\" class=\"swiper-slide-image\" src=\"https:\/\/quadrille.pl\/wp-content\/uploads\/2025\/09\/2-\u2014-kopia-1024x576.jpg\" alt=\"2 \u2014 kopia\" \/><\/figure><\/div><div class=\"swiper-slide\" role=\"group\" aria-roledescription=\"slide\" aria-label=\"3 z 9\"><figure class=\"swiper-slide-inner\"><img decoding=\"async\" class=\"swiper-slide-image\" src=\"https:\/\/quadrille.pl\/wp-content\/uploads\/2025\/09\/3-\u2014-kopia-1024x576.jpg\" alt=\"3 \u2014 kopia\" \/><\/figure><\/div><div class=\"swiper-slide\" role=\"group\" aria-roledescription=\"slide\" aria-label=\"4 z 9\"><figure class=\"swiper-slide-inner\"><img decoding=\"async\" class=\"swiper-slide-image\" src=\"https:\/\/quadrille.pl\/wp-content\/uploads\/2025\/09\/4-\u2014-kopia-1024x576.jpg\" alt=\"4 \u2014 kopia\" \/><\/figure><\/div><div class=\"swiper-slide\" role=\"group\" aria-roledescription=\"slide\" aria-label=\"5 z 9\"><figure class=\"swiper-slide-inner\"><img decoding=\"async\" class=\"swiper-slide-image\" src=\"https:\/\/quadrille.pl\/wp-content\/uploads\/2025\/09\/5-\u2014-kopia-1024x576.jpg\" alt=\"5 \u2014 kopia\" \/><\/figure><\/div><div class=\"swiper-slide\" role=\"group\" aria-roledescription=\"slide\" aria-label=\"6 z 9\"><figure class=\"swiper-slide-inner\"><img decoding=\"async\" class=\"swiper-slide-image\" src=\"https:\/\/quadrille.pl\/wp-content\/uploads\/2025\/09\/6-\u2014-kopia-1024x576.jpg\" alt=\"6 \u2014 kopia\" \/><\/figure><\/div><div class=\"swiper-slide\" role=\"group\" aria-roledescription=\"slide\" aria-label=\"7 z 9\"><figure class=\"swiper-slide-inner\"><img decoding=\"async\" class=\"swiper-slide-image\" src=\"https:\/\/quadrille.pl\/wp-content\/uploads\/2025\/09\/7-\u2014-kopia-1024x576.jpg\" alt=\"7 \u2014 kopia\" \/><\/figure><\/div><div class=\"swiper-slide\" role=\"group\" aria-roledescription=\"slide\" aria-label=\"8 z 9\"><figure class=\"swiper-slide-inner\"><img decoding=\"async\" class=\"swiper-slide-image\" src=\"https:\/\/quadrille.pl\/wp-content\/uploads\/2025\/09\/8-1024x576.jpg\" alt=\"8\" \/><\/figure><\/div><div class=\"swiper-slide\" role=\"group\" aria-roledescription=\"slide\" aria-label=\"9 z 9\"><figure class=\"swiper-slide-inner\"><img decoding=\"async\" class=\"swiper-slide-image\" src=\"https:\/\/quadrille.pl\/wp-content\/uploads\/2025\/09\/9-1024x576.jpg\" alt=\"9\" \/><\/figure><\/div>\t\t\t<\/div>\n\t\t\t\t\t\t\t\t\t\t\t\t<div class=\"elementor-swiper-button elementor-swiper-button-prev\" role=\"button\" tabindex=\"0\">\n\t\t\t\t\t\t<i aria-hidden=\"true\" class=\"eicon-chevron-left\"><\/i>\t\t\t\t\t<\/div>\n\t\t\t\t\t<div class=\"elementor-swiper-button elementor-swiper-button-next\" role=\"button\" tabindex=\"0\">\n\t\t\t\t\t\t<i aria-hidden=\"true\" class=\"eicon-chevron-right\"><\/i>\t\t\t\t\t<\/div>\n\t\t\t\t\n\t\t\t\t\t\t\t\t\t<div class=\"swiper-pagination\"><\/div>\n\t\t\t\t\t\t\t\t\t<\/div>\n\t\t\t\t\t\t<\/div>\n\t\t\t\t<\/div>\n\t\t\t\t<div class=\"elementor-element elementor-element-187d77a elementor-widget elementor-widget-html\" data-id=\"187d77a\" data-element_type=\"widget\" data-e-type=\"widget\" data-widget_type=\"html.default\">\n\t\t\t\t<div class=\"elementor-widget-container\">\n\t\t\t\t\t<a href=\"https:\/\/quadrille.pl\/wp-content\/uploads\/2024\/11\/Qadrille-bajkowa-wigilia-firmowa-2.pdf\" class=\"knsl-btn\" download>PDF-Datei herunterladen<\/a>\n\t\t\t\t<\/div>\n\t\t\t\t<\/div>\n\t\t\t\t\t<\/div>\n\t\t<\/div>\n\t\t\t\t\t<\/div>\n\t\t<\/section>\n\t\t\t\t<\/div>","protected":false},"excerpt":{"rendered":"<p>Fairytale Company Christmas Eve im Quadrille Hotel In einem Land, das von den Abenteuern von Alice im Wunderland inspiriert ist, wissen wir sehr wohl, dass der Dezember \"der... <span class=\"knsl-el-more\"><a href=\"https:\/\/quadrille.pl\/de\/bajkowa-wigilia-firmowa-w-hotelu-quadrille\/\" class=\"knsl-btn\">Mehr lesen<span class=\"screen-reader-text\">Lesen Sie mehr M\u00e4rchenhaftes Unternehmen Heiligabend im Hotel Quadrille<\/span><\/a><\/span><\/p>","protected":false},"author":4,"featured_media":0,"parent":0,"menu_order":0,"comment_status":"closed","ping_status":"closed","template":"elementor_header_footer","meta":{"footnotes":""},"class_list":["post-8809","page","type-page","status-publish","hentry"],"acf":[],"aioseo_notices":[],"_links":{"self":[{"href":"https:\/\/quadrille.pl\/de\/wp-json\/wp\/v2\/pages\/8809","targetHints":{"allow":["GET"]}}],"collection":[{"href":"https:\/\/quadrille.pl\/de\/wp-json\/wp\/v2\/pages"}],"about":[{"href":"https:\/\/quadrille.pl\/de\/wp-json\/wp\/v2\/types\/page"}],"author":[{"embeddable":true,"href":"https:\/\/quadrille.pl\/de\/wp-json\/wp\/v2\/users\/4"}],"replies":[{"embeddable":true,"href":"https:\/\/quadrille.pl\/de\/wp-json\/wp\/v2\/comments?post=8809"}],"version-history":[{"count":43,"href":"https:\/\/quadrille.pl\/de\/wp-json\/wp\/v2\/pages\/8809\/revisions"}],"predecessor-version":[{"id":12036,"href":"https:\/\/quadrille.pl\/de\/wp-json\/wp\/v2\/pages\/8809\/revisions\/12036"}],"wp:attachment":[{"href":"https:\/\/quadrille.pl\/de\/wp-json\/wp\/v2\/media?parent=8809"}],"curies":[{"name":"wp","href":"https:\/\/api.w.org\/{rel}","templated":true}]}}