{"id":4990,"date":"2023-09-25T14:35:08","date_gmt":"2023-09-25T14:35:08","guid":{"rendered":"http:\/\/stronatestowa.quadrille.pl\/?page_id=4990"},"modified":"2026-02-06T10:16:52","modified_gmt":"2026-02-06T10:16:52","slug":"sunday-spa","status":"publish","type":"page","link":"https:\/\/quadrille.pl\/de\/oferta\/sunday-spa\/","title":{"rendered":"Sonntag SPA"},"content":{"rendered":"<div data-elementor-type=\"wp-page\" data-elementor-id=\"4990\" class=\"elementor elementor-4990\">\n\t\t\t\t\t\t<section class=\"elementor-section elementor-top-section elementor-element elementor-element-bc7c69b elementor-section-full_width elementor-section-height-default elementor-section-height-default\" data-id=\"bc7c69b\" data-element_type=\"section\" data-e-type=\"section\" data-settings=\"{&quot;background_background&quot;:&quot;classic&quot;}\">\n\t\t\t\t\t\t\t<div class=\"elementor-background-overlay\"><\/div>\n\t\t\t\t\t\t\t<div class=\"elementor-container elementor-column-gap-no\">\n\t\t\t\t\t<div class=\"elementor-column elementor-col-100 elementor-top-column elementor-element elementor-element-cafd91f\" data-id=\"cafd91f\" data-element_type=\"column\" data-e-type=\"column\">\n\t\t\t<div class=\"elementor-widget-wrap elementor-element-populated\">\n\t\t\t\t\t\t<div class=\"elementor-element elementor-element-3694047 elementor-widget elementor-widget-kinsley-intro\" data-id=\"3694047\" data-element_type=\"widget\" data-e-type=\"widget\" data-widget_type=\"kinsley-intro.default\">\n\t\t\t\t<div class=\"elementor-widget-container\">\n\t\t\t\t\t\r\n    <!-- banner -->\r\n    <section class=\"knsl-banner-simple knsl-transition-bottom knsl-banner-white\">\r\n      \r\n\t  \t  <div class=\"knsl-cover-frame\">\r\n\t\t\t\t\t\t<div style=\"background-image: url('https:\/\/quadrille.pl\/wp-content\/uploads\/2025\/07\/8e55d7b5-e518-4cf9-90fd-d94c3e716bc1.jpg');\" class=\"knsl-parallax knsl-banner-slide\"><\/div>\r\n\t\t\t\t\t\t\t\t\t  <\/div>\r\n\t  <div class=\"knsl-overlay\" style=\"opacity: 1;\"><\/div>\r\n\t  \r\n      <div class=\"container\">\r\n        <div class=\"row\">\r\n          <div class=\"col-lg-12\">\r\n\r\n            <div class=\"knsl-center knsl-title-frame\">\r\n                            <h3 class=\"knsl-title--h knsl-mb-20 knsl-h1-inner\">\r\n                <span >\r\n                    SONNTAGS-SPA                <\/span>\r\n              <\/h3>\r\n                            \r\n              \r\n            <\/div>\r\n\r\n          <\/div>\r\n        <\/div>\r\n      <\/div>\r\n    <\/section>\r\n    <!-- banner end -->\r\n\r\n\t\t\t\t\t\t<\/div>\n\t\t\t\t<\/div>\n\t\t\t\t\t<\/div>\n\t\t<\/div>\n\t\t\t\t\t<\/div>\n\t\t<\/section>\n\t\t\t\t<section class=\"elementor-section elementor-top-section elementor-element elementor-element-453b87a elementor-reverse-mobile elementor-section-boxed elementor-section-height-default elementor-section-height-default\" data-id=\"453b87a\" data-element_type=\"section\" data-e-type=\"section\">\n\t\t\t\t\t\t<div class=\"elementor-container elementor-column-gap-wider\">\n\t\t\t\t\t<div class=\"elementor-column elementor-col-100 elementor-top-column elementor-element elementor-element-1d9014d\" data-id=\"1d9014d\" data-element_type=\"column\" data-e-type=\"column\">\n\t\t\t<div class=\"elementor-widget-wrap elementor-element-populated\">\n\t\t\t\t\t\t<div class=\"elementor-element elementor-element-db545f2 elementor-widget elementor-widget-heading\" data-id=\"db545f2\" data-element_type=\"widget\" data-e-type=\"widget\" data-widget_type=\"heading.default\">\n\t\t\t\t<div class=\"elementor-widget-container\">\n\t\t\t\t\t<h3 class=\"elementor-heading-title elementor-size-default\">Sie fragen sich, wo Sie einen faulen Sonntag verbringen k\u00f6nnen? <\/h3>\t\t\t\t<\/div>\n\t\t\t\t<\/div>\n\t\t\t\t<div class=\"elementor-element elementor-element-e202e9c elementor-widget elementor-widget-text-editor\" data-id=\"e202e9c\" data-element_type=\"widget\" data-e-type=\"widget\" data-widget_type=\"text-editor.default\">\n\t\t\t\t<div class=\"elementor-widget-container\">\n\t\t\t\t\t\t\t\t\t<p data-start=\"347\" data-end=\"618\">Co zrobi\u0107, aby zrelaksowa\u0107 si\u0119, zje\u015b\u0107 co\u015b dobrego i odpr\u0119\u017cy\u0107 si\u0119 przed kolejnym tygodniem? Nale\u017cy odwiedzi\u0107 Quadrille SPA w Gdyni. Nasza strefa relaksu dost\u0119pna jest wy\u0142\u0105cznie dla os\u00f3b doros\u0142ych, dlatego te\u017c mo\u017cesz mie\u0107 pewno\u015b\u0107, \u017ce nic i nikt nie zak\u0142\u00f3ci Twojego spokoju.<\/p><p data-start=\"620\" data-end=\"812\">Przygotowali\u015bmy pakiet <strong data-start=\"643\" data-end=\"657\">SONNTAGS-SPA<\/strong>, kt\u00f3ry \u0142\u0105czy w sobie relaks w kameralnej strefie basen\u00f3w dla doros\u0142ych, z lunchem w Pub 10\/6 i wybranym pakietem zabieg\u00f3w w SPA Quadrille w Gdyni.<\/p><p data-start=\"814\" data-end=\"1088\">Po zabiegu polecamy spokojny spacer po naszym zabytkowym parku \u2013 to idealne dope\u0142nienie niedzielnego wypoczynku. Urokliwe alejki, harmonijna ziele\u0144 i wyj\u0105tkowa atmosfera tego miejsca sprzyjaj\u0105 wyciszeniu i uwa\u017cno\u015bci, pozwalaj\u0105c jeszcze g\u0142\u0119biej zanurzy\u0107 si\u0119 w stanie relaksu.<\/p>\t\t\t\t\t\t\t\t<\/div>\n\t\t\t\t<\/div>\n\t\t\t\t\t<\/div>\n\t\t<\/div>\n\t\t\t\t\t<\/div>\n\t\t<\/section>\n\t\t\t\t<section class=\"elementor-section elementor-top-section elementor-element elementor-element-e2a7ad2 elementor-section-boxed elementor-section-height-default elementor-section-height-default\" data-id=\"e2a7ad2\" data-element_type=\"section\" data-e-type=\"section\" data-settings=\"{&quot;background_background&quot;:&quot;classic&quot;}\">\n\t\t\t\t\t\t<div class=\"elementor-container elementor-column-gap-wider\">\n\t\t\t\t\t<div class=\"elementor-column elementor-col-50 elementor-top-column elementor-element elementor-element-2a21ee2\" data-id=\"2a21ee2\" data-element_type=\"column\" data-e-type=\"column\">\n\t\t\t<div class=\"elementor-widget-wrap elementor-element-populated\">\n\t\t\t\t\t\t<div class=\"elementor-element elementor-element-2a3a8ad elementor-widget elementor-widget-image\" data-id=\"2a3a8ad\" data-element_type=\"widget\" data-e-type=\"widget\" data-widget_type=\"image.default\">\n\t\t\t\t<div class=\"elementor-widget-container\">\n\t\t\t\t\t\t\t\t\t\t\t\t\t\t\t<img decoding=\"async\" src=\"https:\/\/quadrille.pl\/wp-content\/uploads\/elementor\/thumbs\/DSC09820-r3s0zdcyuhpo9ff9tw6q78so1vo9dqwljcuz7nc8ag.jpg\" title=\"DSC09820\" alt=\"DSC09820\" loading=\"lazy\" \/>\t\t\t\t\t\t\t\t\t\t\t\t\t\t\t<\/div>\n\t\t\t\t<\/div>\n\t\t\t\t\t<\/div>\n\t\t<\/div>\n\t\t\t\t<div class=\"elementor-column elementor-col-50 elementor-top-column elementor-element elementor-element-62ee4e1\" data-id=\"62ee4e1\" data-element_type=\"column\" data-e-type=\"column\">\n\t\t\t<div class=\"elementor-widget-wrap elementor-element-populated\">\n\t\t\t\t\t\t<div class=\"elementor-element elementor-element-edd386e elementor-widget elementor-widget-heading\" data-id=\"edd386e\" data-element_type=\"widget\" data-e-type=\"widget\" data-widget_type=\"heading.default\">\n\t\t\t\t<div class=\"elementor-widget-container\">\n\t\t\t\t\t<h3 class=\"elementor-heading-title elementor-size-default\">Einzelheiten:<\/h3>\t\t\t\t<\/div>\n\t\t\t\t<\/div>\n\t\t\t\t<div class=\"elementor-element elementor-element-d5df8fc elementor-widget elementor-widget-text-editor\" data-id=\"d5df8fc\" data-element_type=\"widget\" data-e-type=\"widget\" data-widget_type=\"text-editor.default\">\n\t\t\t\t<div class=\"elementor-widget-container\">\n\t\t\t\t\t\t\t\t\t<ul><li><p>- A\u00b0quadrille d.h.: Schwimmbad, Jacuzzi, Trockensauna, Dampfbad, K\u00fchlzone mit Duschen und Eis, Entspannungszone am Pool mit Sonnenwiese, Cardio-Zone und Handtuch und Bademantel f\u00fcr den Komfort der G\u00e4ste<\/p><p>- Mittagessen im Pub 10\/6. <br \/>Ausw\u00e4hlen\u00a0<span style=\"letter-spacing: 0px;\">dwie dowolne pozycje z menu <\/span><span style=\"letter-spacing: 0px;\">(Getr\u00e4nke gegen Aufpreis).<\/span><\/p><\/li><\/ul>\t\t\t\t\t\t\t\t<\/div>\n\t\t\t\t<\/div>\n\t\t\t\t<div class=\"elementor-element elementor-element-f80516f elementor-widget elementor-widget-spacer\" data-id=\"f80516f\" data-element_type=\"widget\" data-e-type=\"widget\" data-widget_type=\"spacer.default\">\n\t\t\t\t<div class=\"elementor-widget-container\">\n\t\t\t\t\t\t\t<div class=\"elementor-spacer\">\n\t\t\t<div class=\"elementor-spacer-inner\"><\/div>\n\t\t<\/div>\n\t\t\t\t\t\t<\/div>\n\t\t\t\t<\/div>\n\t\t\t\t<div class=\"elementor-element elementor-element-73d1743 elementor-widget elementor-widget-kinsley-buttons\" data-id=\"73d1743\" data-element_type=\"widget\" data-e-type=\"widget\" data-widget_type=\"kinsley-buttons.default\">\n\t\t\t\t<div class=\"elementor-widget-container\">\n\t\t\t\t\t\r\n        <!-- action button -->\r\n        <a href=\"https:\/\/quadrille.pl\/wp-content\/uploads\/2026\/01\/menu-skrocone-pakiet-alc-zima-2026.pdf\" class=\"knsl-btn knsl-btn-md\">\r\n                        <span >\r\n            Sprawd\u017a menu             <\/span>\r\n        <\/a>\r\n        <!-- action button end -->\r\n\r\n\t\t\t\t\t\t<\/div>\n\t\t\t\t<\/div>\n\t\t\t\t\t<\/div>\n\t\t<\/div>\n\t\t\t\t\t<\/div>\n\t\t<\/section>\n\t\t\t\t<section class=\"elementor-section elementor-top-section elementor-element elementor-element-7a4f1a0 elementor-reverse-mobile elementor-section-boxed elementor-section-height-default elementor-section-height-default\" data-id=\"7a4f1a0\" data-element_type=\"section\" data-e-type=\"section\">\n\t\t\t\t\t\t<div class=\"elementor-container elementor-column-gap-wider\">\n\t\t\t\t\t<div class=\"elementor-column elementor-col-100 elementor-top-column elementor-element elementor-element-782d2b9\" data-id=\"782d2b9\" data-element_type=\"column\" data-e-type=\"column\">\n\t\t\t<div class=\"elementor-widget-wrap elementor-element-populated\">\n\t\t\t\t\t\t<div class=\"elementor-element elementor-element-95c31fd elementor-widget elementor-widget-text-editor\" data-id=\"95c31fd\" data-element_type=\"widget\" data-e-type=\"widget\" data-widget_type=\"text-editor.default\">\n\t\t\t\t<div class=\"elementor-widget-container\">\n\t\t\t\t\t\t\t\t\t<p>- Klassische Massage, d.h. eine klassische Ganzk\u00f6rpermassage in zwei Etappen, bei der die Intensit\u00e4t und die Geschwindigkeit der Bewegungen sowie die Wahl der geeigneten Lotionen und Aroma\u00f6le auf das gew\u00fcnschte Ziel und unsere Vorlieben abgestimmt werden.<\/p>\n<p>-&nbsp;<span style=\"letter-spacing: 0px;\">rytua\u0142 Comfort Zone Tranquillity &#8211; &nbsp;<\/span><span style=\"background-image: initial; background-position: initial; background-size: initial; background-repeat: initial; background-attachment: initial; background-origin: initial; background-clip: initial; letter-spacing: 0px;\">kompleksowy rytua\u0142\npozwalaj\u0105cy na ca\u0142kowity relaks i odpr\u0119\u017cenie. To ukojenie dla duszy i cia\u0142a\ndzi\u0119ki niepowtarzalnej kompozycji olejk\u00f3w eterycznych. Od\u017cywcza k\u0105piel w mleku\noraz bogaty masa\u017c zapewniaj\u0105 nie tylko relaks, ale tak\u017ce, korzystaj\u0105c z\ncudownych w\u0142a\u015bciwo\u015bci olej\u00f3w i substancji aktywnych, gwarantuj\u0105 aksamitn\u0105 i\njedwabist\u0105 sk\u00f3r\u0119 po zabiegu. Nuta zapachowa towarzysz\u0105ca rytua\u0142owi pozwala za\nka\u017cdym razem prze\u017cy\u0107 niesamowit\u0105 podr\u00f3\u017c w krain\u0119 esencji i wspania\u0142ych aromat\u00f3w.<\/span><\/p><p><span style=\"background-image: initial; background-position: initial; background-size: initial; background-repeat: initial; background-attachment: initial; background-origin: initial; background-clip: initial;\"><o:p><\/o:p><\/span><\/p>\n<p>Das Sunday Spa ist die perfekte M\u00f6glichkeit, sich von einer anstrengenden Woche zu erholen und vor den Herausforderungen des Montags neue Energie zu tanken.<\/p>\n<p>Es ist auch eine hervorragende Idee f\u00fcr ein originelles Geschenk.<\/p>\t\t\t\t\t\t\t\t<\/div>\n\t\t\t\t<\/div>\n\t\t\t\t\t<\/div>\n\t\t<\/div>\n\t\t\t\t\t<\/div>\n\t\t<\/section>\n\t\t\t\t<section class=\"elementor-section elementor-top-section elementor-element elementor-element-613ca18 elementor-section-boxed elementor-section-height-default elementor-section-height-default\" data-id=\"613ca18\" data-element_type=\"section\" data-e-type=\"section\" data-settings=\"{&quot;background_background&quot;:&quot;classic&quot;}\">\n\t\t\t\t\t\t<div class=\"elementor-container elementor-column-gap-wider\">\n\t\t\t\t\t<div class=\"elementor-column elementor-col-50 elementor-top-column elementor-element elementor-element-34b6c1e\" data-id=\"34b6c1e\" data-element_type=\"column\" data-e-type=\"column\">\n\t\t\t<div class=\"elementor-widget-wrap elementor-element-populated\">\n\t\t\t\t\t\t<div class=\"elementor-element elementor-element-afb0c45 elementor-widget elementor-widget-image\" data-id=\"afb0c45\" data-element_type=\"widget\" data-e-type=\"widget\" data-widget_type=\"image.default\">\n\t\t\t\t<div class=\"elementor-widget-container\">\n\t\t\t\t\t\t\t\t\t\t\t\t\t\t\t<img decoding=\"async\" src=\"https:\/\/quadrille.pl\/wp-content\/uploads\/elementor\/thumbs\/Q82A4758-Edit-1-qri3w5idxbbthbnviwigwgnvzp8cyqjsitk5plp0jc.jpg\" title=\"Q82A4758-Bearbeiten\" alt=\"Q82A4758-Bearbeiten\" loading=\"lazy\" \/>\t\t\t\t\t\t\t\t\t\t\t\t\t\t\t<\/div>\n\t\t\t\t<\/div>\n\t\t\t\t\t<\/div>\n\t\t<\/div>\n\t\t\t\t<div class=\"elementor-column elementor-col-50 elementor-top-column elementor-element elementor-element-6fe0289\" data-id=\"6fe0289\" data-element_type=\"column\" data-e-type=\"column\">\n\t\t\t<div class=\"elementor-widget-wrap elementor-element-populated\">\n\t\t\t\t\t\t<div class=\"elementor-element elementor-element-f63e135 elementor-widget elementor-widget-heading\" data-id=\"f63e135\" data-element_type=\"widget\" data-e-type=\"widget\" data-widget_type=\"heading.default\">\n\t\t\t\t<div class=\"elementor-widget-container\">\n\t\t\t\t\t<h3 class=\"elementor-heading-title elementor-size-default\">Buchungsbedingungen:\n<\/h3>\t\t\t\t<\/div>\n\t\t\t\t<\/div>\n\t\t\t\t<div class=\"elementor-element elementor-element-d9f3bd4 elementor-widget elementor-widget-text-editor\" data-id=\"d9f3bd4\" data-element_type=\"widget\" data-e-type=\"widget\" data-widget_type=\"text-editor.default\">\n\t\t\t\t<div class=\"elementor-widget-container\">\n\t\t\t\t\t\t\t\t\t<ul><li><p>- Angebot nur f\u00fcr Erwachsene und nur an Sonntagen g\u00fcltig;<\/p><p>- Voranmeldung erforderlich, da eine begrenzte Anzahl von Pl\u00e4tzen zur Verf\u00fcgung steht;<\/p><p>- Es besteht die M\u00f6glichkeit, einen Geschenkgutschein f\u00fcr das Sunday Spa zu erwerben;<\/p><p>- Kontakt: spa@quadrille.pl , +48 58 351 03 20;<\/p><\/li><\/ul>\t\t\t\t\t\t\t\t<\/div>\n\t\t\t\t<\/div>\n\t\t\t\t\t<\/div>\n\t\t<\/div>\n\t\t\t\t\t<\/div>\n\t\t<\/section>\n\t\t\t\t<section class=\"elementor-section elementor-top-section elementor-element elementor-element-f82fc76 elementor-section-boxed elementor-section-height-default elementor-section-height-default\" data-id=\"f82fc76\" data-element_type=\"section\" data-e-type=\"section\" data-settings=\"{&quot;background_background&quot;:&quot;classic&quot;}\">\n\t\t\t\t\t\t<div class=\"elementor-container elementor-column-gap-custom\">\n\t\t\t\t\t<div class=\"elementor-column elementor-col-33 elementor-top-column elementor-element elementor-element-4c2fbb1\" data-id=\"4c2fbb1\" data-element_type=\"column\" data-e-type=\"column\">\n\t\t\t<div class=\"elementor-widget-wrap elementor-element-populated\">\n\t\t\t\t\t\t<div class=\"elementor-element elementor-element-c02fffc elementor-widget elementor-widget-heading\" data-id=\"c02fffc\" data-element_type=\"widget\" data-e-type=\"widget\" data-widget_type=\"heading.default\">\n\t\t\t\t<div class=\"elementor-widget-container\">\n\t\t\t\t\t<h3 class=\"elementor-heading-title elementor-size-default\">Standard-Paket<\/h3>\t\t\t\t<\/div>\n\t\t\t\t<\/div>\n\t\t\t\t<div class=\"elementor-element elementor-element-b33c2e3 elementor-widget elementor-widget-image\" data-id=\"b33c2e3\" data-element_type=\"widget\" data-e-type=\"widget\" data-widget_type=\"image.default\">\n\t\t\t\t<div class=\"elementor-widget-container\">\n\t\t\t\t\t\t\t\t\t\t\t\t\t\t\t<img decoding=\"async\" src=\"https:\/\/quadrille.pl\/wp-content\/uploads\/elementor\/thumbs\/DSC09656-r3oli6tvrzdc7eum2vw50niz7t0ie8a0lepo3cuwrg.jpg\" title=\"DSC09656\" alt=\"DSC09656\" loading=\"lazy\" \/>\t\t\t\t\t\t\t\t\t\t\t\t\t\t\t<\/div>\n\t\t\t\t<\/div>\n\t\t\t\t<div class=\"elementor-element elementor-element-dd8db73 elementor-widget elementor-widget-text-editor\" data-id=\"dd8db73\" data-element_type=\"widget\" data-e-type=\"widget\" data-widget_type=\"text-editor.default\">\n\t\t\t\t<div class=\"elementor-widget-container\">\n\t\t\t\t\t\t\t\t\t<ul><li>- 3-Stunden-Eintritt in die Wasserfl\u00e4che der A\u00b0quadrille zwischen 10.00 und 20.00 Uhr<\/li><li>\u00a0<\/li><li>- Mittagessen im Pub des Hotels am 6.10. von 13.00 bis 19.00 Uhr<\/li><\/ul>\t\t\t\t\t\t\t\t<\/div>\n\t\t\t\t<\/div>\n\t\t\t\t<div class=\"elementor-element elementor-element-41ba852 elementor-widget elementor-widget-text-editor\" data-id=\"41ba852\" data-element_type=\"widget\" data-e-type=\"widget\" data-widget_type=\"text-editor.default\">\n\t\t\t\t<div class=\"elementor-widget-container\">\n\t\t\t\t\t\t\t\t\t<div><h4>Cena: 255 z\u0142\/ os.<\/h4><\/div>\t\t\t\t\t\t\t\t<\/div>\n\t\t\t\t<\/div>\n\t\t\t\t\t<\/div>\n\t\t<\/div>\n\t\t\t\t<div class=\"elementor-column elementor-col-33 elementor-top-column elementor-element elementor-element-fbecf71\" data-id=\"fbecf71\" data-element_type=\"column\" data-e-type=\"column\">\n\t\t\t<div class=\"elementor-widget-wrap elementor-element-populated\">\n\t\t\t\t\t\t<div class=\"elementor-element elementor-element-2bcdf93 elementor-widget elementor-widget-heading\" data-id=\"2bcdf93\" data-element_type=\"widget\" data-e-type=\"widget\" data-widget_type=\"heading.default\">\n\t\t\t\t<div class=\"elementor-widget-container\">\n\t\t\t\t\t<h3 class=\"elementor-heading-title elementor-size-default\">Komfort-Paket<\/h3>\t\t\t\t<\/div>\n\t\t\t\t<\/div>\n\t\t\t\t<div class=\"elementor-element elementor-element-1776a86 elementor-widget elementor-widget-image\" data-id=\"1776a86\" data-element_type=\"widget\" data-e-type=\"widget\" data-widget_type=\"image.default\">\n\t\t\t\t<div class=\"elementor-widget-container\">\n\t\t\t\t\t\t\t\t\t\t\t\t\t\t\t<img fetchpriority=\"high\" decoding=\"async\" width=\"900\" height=\"600\" src=\"https:\/\/quadrille.pl\/wp-content\/uploads\/2025\/09\/DSC09904-2-1024x683.jpg\" class=\"attachment-large size-large wp-image-11698\" alt=\"\" srcset=\"https:\/\/quadrille.pl\/wp-content\/uploads\/2025\/09\/DSC09904-2-1024x683.jpg 1024w, https:\/\/quadrille.pl\/wp-content\/uploads\/2025\/09\/DSC09904-2-300x200.jpg 300w, https:\/\/quadrille.pl\/wp-content\/uploads\/2025\/09\/DSC09904-2-768x512.jpg 768w, https:\/\/quadrille.pl\/wp-content\/uploads\/2025\/09\/DSC09904-2-1536x1024.jpg 1536w, https:\/\/quadrille.pl\/wp-content\/uploads\/2025\/09\/DSC09904-2-2048x1365.jpg 2048w, https:\/\/quadrille.pl\/wp-content\/uploads\/2025\/09\/DSC09904-2-18x12.jpg 18w, https:\/\/quadrille.pl\/wp-content\/uploads\/2025\/09\/DSC09904-2-950x633.jpg 950w\" sizes=\"(max-width: 900px) 100vw, 900px\" \/>\t\t\t\t\t\t\t\t\t\t\t\t\t\t\t<\/div>\n\t\t\t\t<\/div>\n\t\t\t\t<div class=\"elementor-element elementor-element-c0b9234 elementor-widget elementor-widget-text-editor\" data-id=\"c0b9234\" data-element_type=\"widget\" data-e-type=\"widget\" data-widget_type=\"text-editor.default\">\n\t\t\t\t<div class=\"elementor-widget-container\">\n\t\t\t\t\t\t\t\t\t<ul><li>- Vollst\u00e4ndiges Standardpaket<\/li><li>\u00a0<\/li><li>- Klassische Massage<\/li><\/ul>\t\t\t\t\t\t\t\t<\/div>\n\t\t\t\t<\/div>\n\t\t\t\t<div class=\"elementor-element elementor-element-77f2f33 elementor-widget elementor-widget-text-editor\" data-id=\"77f2f33\" data-element_type=\"widget\" data-e-type=\"widget\" data-widget_type=\"text-editor.default\">\n\t\t\t\t<div class=\"elementor-widget-container\">\n\t\t\t\t\t\t\t\t\t<div><h4>Cena: 435 z\u0142\/ os.<\/h4><\/div>\t\t\t\t\t\t\t\t<\/div>\n\t\t\t\t<\/div>\n\t\t\t\t\t<\/div>\n\t\t<\/div>\n\t\t\t\t<div class=\"elementor-column elementor-col-33 elementor-top-column elementor-element elementor-element-890f141\" data-id=\"890f141\" data-element_type=\"column\" data-e-type=\"column\">\n\t\t\t<div class=\"elementor-widget-wrap elementor-element-populated\">\n\t\t\t\t\t\t<div class=\"elementor-element elementor-element-a42afc4 elementor-widget elementor-widget-heading\" data-id=\"a42afc4\" data-element_type=\"widget\" data-e-type=\"widget\" data-widget_type=\"heading.default\">\n\t\t\t\t<div class=\"elementor-widget-container\">\n\t\t\t\t\t<h3 class=\"elementor-heading-title elementor-size-default\">Pakiet Exclusive<\/h3>\t\t\t\t<\/div>\n\t\t\t\t<\/div>\n\t\t\t\t<div class=\"elementor-element elementor-element-280142c elementor-widget elementor-widget-image\" data-id=\"280142c\" data-element_type=\"widget\" data-e-type=\"widget\" data-widget_type=\"image.default\">\n\t\t\t\t<div class=\"elementor-widget-container\">\n\t\t\t\t\t\t\t\t\t\t\t\t\t\t\t<img decoding=\"async\" src=\"https:\/\/quadrille.pl\/wp-content\/uploads\/elementor\/thumbs\/DSC00200-r3s2x4xrbnzr6kmxyhvtpblo0bev7gb1cbnhuqi1cs.jpg\" title=\"DSC00200\" alt=\"DSC00200\" loading=\"lazy\" \/>\t\t\t\t\t\t\t\t\t\t\t\t\t\t\t<\/div>\n\t\t\t\t<\/div>\n\t\t\t\t<div class=\"elementor-element elementor-element-a4f7793 elementor-widget elementor-widget-text-editor\" data-id=\"a4f7793\" data-element_type=\"widget\" data-e-type=\"widget\" data-widget_type=\"text-editor.default\">\n\t\t\t\t<div class=\"elementor-widget-container\">\n\t\t\t\t\t\t\t\t\t<ul><li>- Vollst\u00e4ndiges Standardpaket<\/li><li>\u00a0<\/li><li>&#8211; Rytua\u0142 Comfort Zone Tranquillity<\/li><\/ul>\t\t\t\t\t\t\t\t<\/div>\n\t\t\t\t<\/div>\n\t\t\t\t<div class=\"elementor-element elementor-element-dc2a035 elementor-widget elementor-widget-text-editor\" data-id=\"dc2a035\" data-element_type=\"widget\" data-e-type=\"widget\" data-widget_type=\"text-editor.default\">\n\t\t\t\t<div class=\"elementor-widget-container\">\n\t\t\t\t\t\t\t\t\t<div><h4>Cena: 585 z\u0142\/ os.<\/h4><\/div>\t\t\t\t\t\t\t\t<\/div>\n\t\t\t\t<\/div>\n\t\t\t\t\t<\/div>\n\t\t<\/div>\n\t\t\t\t\t<\/div>\n\t\t<\/section>\n\t\t\t\t<\/div>","protected":false},"excerpt":{"rendered":"<p>SUNDAY SPA Sie fragen sich, wo Sie einen faulen Sonntag verbringen k\u00f6nnen? Was man tun kann, um sich zu entspannen, etwas Gutes zu essen und sich... <span class=\"knsl-el-more\"><a href=\"https:\/\/quadrille.pl\/de\/oferta\/sunday-spa\/\" class=\"knsl-btn\">Mehr lesen<span class=\"screen-reader-text\">Mehr lesen Sunday SPA<\/span><\/a><\/span><\/p>","protected":false},"author":4,"featured_media":0,"parent":6433,"menu_order":0,"comment_status":"closed","ping_status":"closed","template":"template-layout-builder.php","meta":{"footnotes":""},"class_list":["post-4990","page","type-page","status-publish","hentry"],"acf":[],"aioseo_notices":[],"_links":{"self":[{"href":"https:\/\/quadrille.pl\/de\/wp-json\/wp\/v2\/pages\/4990","targetHints":{"allow":["GET"]}}],"collection":[{"href":"https:\/\/quadrille.pl\/de\/wp-json\/wp\/v2\/pages"}],"about":[{"href":"https:\/\/quadrille.pl\/de\/wp-json\/wp\/v2\/types\/page"}],"author":[{"embeddable":true,"href":"https:\/\/quadrille.pl\/de\/wp-json\/wp\/v2\/users\/4"}],"replies":[{"embeddable":true,"href":"https:\/\/quadrille.pl\/de\/wp-json\/wp\/v2\/comments?post=4990"}],"version-history":[{"count":54,"href":"https:\/\/quadrille.pl\/de\/wp-json\/wp\/v2\/pages\/4990\/revisions"}],"predecessor-version":[{"id":12872,"href":"https:\/\/quadrille.pl\/de\/wp-json\/wp\/v2\/pages\/4990\/revisions\/12872"}],"up":[{"embeddable":true,"href":"https:\/\/quadrille.pl\/de\/wp-json\/wp\/v2\/pages\/6433"}],"wp:attachment":[{"href":"https:\/\/quadrille.pl\/de\/wp-json\/wp\/v2\/media?parent=4990"}],"curies":[{"name":"wp","href":"https:\/\/api.w.org\/{rel}","templated":true}]}}