{"id":4811,"date":"2023-09-22T11:01:10","date_gmt":"2023-09-22T11:01:10","guid":{"rendered":"http:\/\/stronatestowa.quadrille.pl\/?page_id=4811"},"modified":"2026-05-04T16:34:31","modified_gmt":"2026-05-04T16:34:31","slug":"umgekehrtes-wochenende","status":"publish","type":"page","link":"https:\/\/quadrille.pl\/de\/oferta\/odwrocony-weekend\/","title":{"rendered":"Umgekehrtes Wochenende"},"content":{"rendered":"<div data-elementor-type=\"wp-page\" data-elementor-id=\"4811\" class=\"elementor elementor-4811\">\n\t\t\t\t\t\t<section class=\"elementor-section elementor-top-section elementor-element elementor-element-bf3de0a elementor-section-full_width elementor-section-height-default elementor-section-height-default\" data-id=\"bf3de0a\" data-element_type=\"section\" data-e-type=\"section\" data-settings=\"{&quot;background_background&quot;:&quot;classic&quot;}\">\n\t\t\t\t\t\t\t<div class=\"elementor-background-overlay\"><\/div>\n\t\t\t\t\t\t\t<div class=\"elementor-container elementor-column-gap-no\">\n\t\t\t\t\t<div class=\"elementor-column elementor-col-100 elementor-top-column elementor-element elementor-element-f231c52\" data-id=\"f231c52\" data-element_type=\"column\" data-e-type=\"column\">\n\t\t\t<div class=\"elementor-widget-wrap elementor-element-populated\">\n\t\t\t\t\t\t<div class=\"elementor-element elementor-element-39bf53b elementor-widget elementor-widget-kinsley-intro\" data-id=\"39bf53b\" data-element_type=\"widget\" data-e-type=\"widget\" data-widget_type=\"kinsley-intro.default\">\n\t\t\t\t<div class=\"elementor-widget-container\">\n\t\t\t\t\t\r\n    <!-- banner -->\r\n    <section class=\"knsl-banner-simple knsl-transition-bottom knsl-banner-white\">\r\n      \r\n\t  \t  <div class=\"knsl-cover-frame\">\r\n\t\t\t\t\t\t<div style=\"background-image: url('https:\/\/quadrille.pl\/wp-content\/uploads\/2023\/12\/odwrocony-weekend-1920x768.jpg');\" class=\"knsl-parallax knsl-banner-slide\"><\/div>\r\n\t\t\t\t\t\t\t\t\t  <\/div>\r\n\t  <div class=\"knsl-overlay\" style=\"opacity: 1;\"><\/div>\r\n\t  \r\n      <div class=\"container\">\r\n        <div class=\"row\">\r\n          <div class=\"col-lg-12\">\r\n\r\n            <div class=\"knsl-center knsl-title-frame\">\r\n                            <h3 class=\"knsl-title--h knsl-mb-20 knsl-h1-inner\">\r\n                <span >\r\n                    Umgekehrtes Wochenende                <\/span>\r\n              <\/h3>\r\n                            \r\n              \r\n            <\/div>\r\n\r\n          <\/div>\r\n        <\/div>\r\n      <\/div>\r\n    <\/section>\r\n    <!-- banner end -->\r\n\r\n\t\t\t\t\t\t<\/div>\n\t\t\t\t<\/div>\n\t\t\t\t\t<\/div>\n\t\t<\/div>\n\t\t\t\t\t<\/div>\n\t\t<\/section>\n\t\t\t\t<section class=\"elementor-section elementor-top-section elementor-element elementor-element-468e01f elementor-reverse-mobile elementor-section-boxed elementor-section-height-default elementor-section-height-default\" data-id=\"468e01f\" data-element_type=\"section\" data-e-type=\"section\">\n\t\t\t\t\t\t<div class=\"elementor-container elementor-column-gap-wider\">\n\t\t\t\t\t<div class=\"elementor-column elementor-col-100 elementor-top-column elementor-element elementor-element-78f4418\" data-id=\"78f4418\" data-element_type=\"column\" data-e-type=\"column\">\n\t\t\t<div class=\"elementor-widget-wrap elementor-element-populated\">\n\t\t\t\t\t\t<div class=\"elementor-element elementor-element-5d323c0 elementor-widget elementor-widget-heading\" data-id=\"5d323c0\" data-element_type=\"widget\" data-e-type=\"widget\" data-widget_type=\"heading.default\">\n\t\t\t\t<div class=\"elementor-widget-container\">\n\t\t\t\t\t<h4 class=\"elementor-heading-title elementor-size-default\">Das Rezept f\u00fcr die perfekte Erholung? Wir l\u00fcften eines unserer Geheimnisse: Die beste Zeit zum Ausruhen ist von Sonntag bis Dienstag, also w\u00e4hrend des sogenannten umgekehrten Wochenendes.\n<\/h4>\t\t\t\t<\/div>\n\t\t\t\t<\/div>\n\t\t\t\t<div class=\"elementor-element elementor-element-ac3d8bc elementor-widget elementor-widget-text-editor\" data-id=\"ac3d8bc\" data-element_type=\"widget\" data-e-type=\"widget\" data-widget_type=\"text-editor.default\">\n\t\t\t\t<div class=\"elementor-widget-container\">\n\t\t\t\t\t\t\t\t\t<div><p>Zu diesem Zeitpunkt wurde die allgegenw\u00e4rtige\u00a0<strong>spok\u00f3j, kameralna atmosfera i nie\u015bpieszna aura<\/strong>\u00a0werden unseren G\u00e4sten vermittelt und beeinflussen ihren Entspannungsgrad. Au\u00dferdem\u00a0<strong>erh\u00f6hte Verf\u00fcgbarkeit<\/strong>\u00a0Die Reservierung von Restauranttischen oder Spa-Behandlungen garantiert einen m\u00f6glichst angenehmen Aufenthalt. Auch der Wasserbereich l\u00e4dt zum Entspannen in einem intimen Rahmen ein.<\/p><\/div><div><p>Der Wochenwechsel ist auch die beste Zeit, um\u00a0<strong>zus\u00e4tzliche Aktivit\u00e4ten planen<\/strong>\u00a0\u00fcber den Hotel-Concierge oder sprechen Sie mit unserem Veranstaltungsteam \u00fcber die M\u00f6glichkeit, eine private oder gesch\u00e4ftliche Veranstaltung zu organisieren.<\/p><\/div><div><p>Ein solches umgekehrtes Wochenende hat auch andere Vorteile wie\u00a0<strong>Sondertarif -30%\u00a0<\/strong>so dass ein Budget f\u00fcr zus\u00e4tzliche Vergn\u00fcgungen bleibt.<\/p><\/div>\t\t\t\t\t\t\t\t<\/div>\n\t\t\t\t<\/div>\n\t\t\t\t\t<\/div>\n\t\t<\/div>\n\t\t\t\t\t<\/div>\n\t\t<\/section>\n\t\t\t\t<section class=\"elementor-section elementor-top-section elementor-element elementor-element-e13a584 elementor-reverse-mobile elementor-section-boxed elementor-section-height-default elementor-section-height-default\" data-id=\"e13a584\" data-element_type=\"section\" data-e-type=\"section\" data-settings=\"{&quot;background_background&quot;:&quot;classic&quot;}\">\n\t\t\t\t\t\t<div class=\"elementor-container elementor-column-gap-wider\">\n\t\t\t\t\t<div class=\"elementor-column elementor-col-100 elementor-top-column elementor-element elementor-element-dff018a\" data-id=\"dff018a\" data-element_type=\"column\" data-e-type=\"column\">\n\t\t\t<div class=\"elementor-widget-wrap elementor-element-populated\">\n\t\t\t\t\t\t<div class=\"elementor-element elementor-element-e72f9e3 elementor-widget elementor-widget-heading\" data-id=\"e72f9e3\" data-element_type=\"widget\" data-e-type=\"widget\" data-widget_type=\"heading.default\">\n\t\t\t\t<div class=\"elementor-widget-container\">\n\t\t\t\t\t<h3 class=\"elementor-heading-title elementor-size-default\">Das Paket enth\u00e4lt:\n<\/h3>\t\t\t\t<\/div>\n\t\t\t\t<\/div>\n\t\t\t\t<div class=\"elementor-element elementor-element-a5a511c elementor-widget elementor-widget-text-editor\" data-id=\"a5a511c\" data-element_type=\"widget\" data-e-type=\"widget\" data-widget_type=\"text-editor.default\">\n\t\t\t\t<div class=\"elementor-widget-container\">\n\t\t\t\t\t\t\t\t\t<ul><li>- Unterbringung in einem ausgew\u00e4hlten Teil des Hotels***** Quadrille - dem Palastteil mit exklusiven, attraktiv eingerichteten Zimmern, die von gro\u00dfen Schriftstellern inspiriert sind, oder dem Oficyna-Teil - eleganten Hotelzimmern, die komfortabel mit allen Annehmlichkeiten ausgestattet sind,<\/li><li>\u00a0<\/li><li>&#8211; 1 kieliszek prosecco na osob\u0119 w Pubie 10\/6<\/li><li>\u00a0<\/li><li>- Entspannende Momente in der A'quadrille (Schwimmbad, Whirlpool, Trockensauna, Dampfbad, K\u00fchlzone mit Dusche und Eis, Entspannungszone am Schwimmbad mit Sonnenwiese, Cardio-Zone)<\/li><li>\u00a0<\/li><li>- Parkhaus<\/li><li>\u00a0<\/li><li>- Wi-Fi<\/li><\/ul><p>Wir verlangen auch keine Vorauszahlung, und\u00a0<strong>flexible Buchungsbedingungen<\/strong>\u00a0pozwalaj\u0105 na jej anulacj\u0119 do 2 dni przed przyjazdem.<\/p><p>Es lohnt sich, zu sehen, was Sie auf der anderen Seite des Spiegels erwartet.<\/p>\t\t\t\t\t\t\t\t<\/div>\n\t\t\t\t<\/div>\n\t\t\t\t\t<\/div>\n\t\t<\/div>\n\t\t\t\t\t<\/div>\n\t\t<\/section>\n\t\t\t\t<section class=\"elementor-section elementor-top-section elementor-element elementor-element-a12fb91 elementor-section-boxed elementor-section-height-default elementor-section-height-default\" data-id=\"a12fb91\" data-element_type=\"section\" data-e-type=\"section\">\n\t\t\t\t\t\t<div class=\"elementor-container elementor-column-gap-custom\">\n\t\t\t\t\t<div class=\"elementor-column elementor-col-50 elementor-top-column elementor-element elementor-element-2a0e4b3\" data-id=\"2a0e4b3\" data-element_type=\"column\" data-e-type=\"column\">\n\t\t\t<div class=\"elementor-widget-wrap elementor-element-populated\">\n\t\t\t\t\t\t<div class=\"elementor-element elementor-element-db24bb0 elementor-widget elementor-widget-image\" data-id=\"db24bb0\" data-element_type=\"widget\" data-e-type=\"widget\" data-widget_type=\"image.default\">\n\t\t\t\t<div class=\"elementor-widget-container\">\n\t\t\t\t\t\t\t\t\t\t\t\t\t\t\t<img decoding=\"async\" src=\"https:\/\/quadrille.pl\/wp-content\/uploads\/elementor\/thumbs\/Basen-gdynia-quadrille-2-1-qri3r8sp0lviwd29dqiah7ewnrmup2ysna3wmtzpk0.jpg\" title=\"Schwimmbad Gdynia quadrille (2)\" alt=\"Schwimmbad Gdynia quadrille (2)\" loading=\"lazy\" \/>\t\t\t\t\t\t\t\t\t\t\t\t\t\t\t<\/div>\n\t\t\t\t<\/div>\n\t\t\t\t\t<\/div>\n\t\t<\/div>\n\t\t\t\t<div class=\"elementor-column elementor-col-50 elementor-top-column elementor-element elementor-element-3b566cc\" data-id=\"3b566cc\" data-element_type=\"column\" data-e-type=\"column\">\n\t\t\t<div class=\"elementor-widget-wrap elementor-element-populated\">\n\t\t\t\t\t\t<div class=\"elementor-element elementor-element-c91b24c elementor-widget elementor-widget-heading\" data-id=\"c91b24c\" data-element_type=\"widget\" data-e-type=\"widget\" data-widget_type=\"heading.default\">\n\t\t\t\t<div class=\"elementor-widget-container\">\n\t\t\t\t\t<h3 class=\"elementor-heading-title elementor-size-default\">Reservierung:\n<\/h3>\t\t\t\t<\/div>\n\t\t\t\t<\/div>\n\t\t\t\t<div class=\"elementor-element elementor-element-2ea81c3 elementor-widget elementor-widget-text-editor\" data-id=\"2ea81c3\" data-element_type=\"widget\" data-e-type=\"widget\" data-widget_type=\"text-editor.default\">\n\t\t\t\t<div class=\"elementor-widget-container\">\n\t\t\t\t\t\t\t\t\t<div><a>recepcja@quadrille.pl<\/a><\/div><div>+48 58 351 03 00<\/div><div>\u00a0<\/div><div><p>Sie sind herzlich willkommen!<\/p><\/div>\t\t\t\t\t\t\t\t<\/div>\n\t\t\t\t<\/div>\n\t\t\t\t<div class=\"elementor-element elementor-element-b355351 elementor-widget elementor-widget-heading\" data-id=\"b355351\" data-element_type=\"widget\" data-e-type=\"widget\" data-widget_type=\"heading.default\">\n\t\t\t\t<div class=\"elementor-widget-container\">\n\t\t\t\t\t<h3 class=\"elementor-heading-title elementor-size-default\">Buchungsbedingungen\n<\/h3>\t\t\t\t<\/div>\n\t\t\t\t<\/div>\n\t\t\t\t<div class=\"elementor-element elementor-element-e9f0786 elementor-widget__width-initial elementor-widget elementor-widget-text-editor\" data-id=\"e9f0786\" data-element_type=\"widget\" data-e-type=\"widget\" data-widget_type=\"text-editor.default\">\n\t\t\t\t<div class=\"elementor-widget-container\">\n\t\t\t\t\t\t\t\t\t<ul><li><div>- Angebot exklusiv f\u00fcr Quality by Quadrille-Mitglieder;<\/div><\/li><li><div>- gilt f\u00fcr einen Aufenthalt von Sonntag bis Dienstag mit Fr\u00fchst\u00fcck<\/div><\/li><li><div>- Der Vorschlag gilt vom 1. September 2022 bis zum 23. Juni 2023;<\/div><\/li><li><div>- nicht g\u00fcltig an langen Wochenenden, Feiertagen und besonderen Veranstaltungen;<\/div><\/li><li><div>- kann nicht mit anderen Sonderangeboten kombiniert werden;<\/div><\/li><li><div>\u2013 nie wymaga przedp\u0142aty<\/div><\/li><li>\u2013 bezp\u0142atna anulacja lub modyfikacja mo\u017cliwa do 2 dni przed przyjazdem. W przypadku anulowania lub zmian po tym terminie lub w przypadku niepojawienia si\u0119 Go\u015bcia w obiekcie. Obiekt obci\u0105\u017cy Go\u015bcia pe\u0142n\u0105 op\u0142at\u0105 za zarezerwowany pobyt.<\/li><li>\u2013 p\u0142atno\u015b\u0107 w obiekcie.\u00a0<\/li><\/ul>\t\t\t\t\t\t\t\t<\/div>\n\t\t\t\t<\/div>\n\t\t\t\t<div class=\"elementor-element elementor-element-b8dfcf0 elementor-widget elementor-widget-html\" data-id=\"b8dfcf0\" data-element_type=\"widget\" data-e-type=\"widget\" data-widget_type=\"html.default\">\n\t\t\t\t<div class=\"elementor-widget-container\">\n\t\t\t\t\t\n<button class=\"knsl-btn\" onclick=\"Booking.Open({OfferID:1049576}); return false;\">EIN UMGEKEHRTES WOCHENENDE BUCHEN<\/button>\t\t\t\t<\/div>\n\t\t\t\t<\/div>\n\t\t\t\t\t<\/div>\n\t\t<\/div>\n\t\t\t\t\t<\/div>\n\t\t<\/section>\n\t\t\t\t<section class=\"elementor-section elementor-top-section elementor-element elementor-element-2ff44aa elementor-section-boxed elementor-section-height-default elementor-section-height-default\" data-id=\"2ff44aa\" data-element_type=\"section\" data-e-type=\"section\">\n\t\t\t\t\t\t<div class=\"elementor-container elementor-column-gap-default\">\n\t\t\t\t\t<div class=\"elementor-column elementor-col-100 elementor-top-column elementor-element elementor-element-5446d19\" data-id=\"5446d19\" data-element_type=\"column\" data-e-type=\"column\">\n\t\t\t<div class=\"elementor-widget-wrap\">\n\t\t\t\t\t\t\t<\/div>\n\t\t<\/div>\n\t\t\t\t\t<\/div>\n\t\t<\/section>\n\t\t\t\t<\/div>","protected":false},"excerpt":{"rendered":"<p>Odwr\u00f3cony weekend Przepis na idealn\u0105 regeneracj\u0119?\u00a0Zdradzamy jeden z naszych sekret\u00f3w: najlepiej odpoczywa si\u0119 w hotelu od niedzieli do wtorku czyli\u00a0podczas&#8230; <span class=\"knsl-el-more\"><a href=\"https:\/\/quadrille.pl\/de\/oferta\/odwrocony-weekend\/\" class=\"knsl-btn\">Mehr lesen<span class=\"screen-reader-text\">Read more&nbsp;Odwr\u00f3cony weekend<\/span><\/a><\/span><\/p>","protected":false},"author":4,"featured_media":0,"parent":6433,"menu_order":0,"comment_status":"closed","ping_status":"closed","template":"template-layout-builder.php","meta":{"footnotes":""},"class_list":["post-4811","page","type-page","status-publish","hentry"],"acf":[],"aioseo_notices":[],"_links":{"self":[{"href":"https:\/\/quadrille.pl\/de\/wp-json\/wp\/v2\/pages\/4811","targetHints":{"allow":["GET"]}}],"collection":[{"href":"https:\/\/quadrille.pl\/de\/wp-json\/wp\/v2\/pages"}],"about":[{"href":"https:\/\/quadrille.pl\/de\/wp-json\/wp\/v2\/types\/page"}],"author":[{"embeddable":true,"href":"https:\/\/quadrille.pl\/de\/wp-json\/wp\/v2\/users\/4"}],"replies":[{"embeddable":true,"href":"https:\/\/quadrille.pl\/de\/wp-json\/wp\/v2\/comments?post=4811"}],"version-history":[{"count":27,"href":"https:\/\/quadrille.pl\/de\/wp-json\/wp\/v2\/pages\/4811\/revisions"}],"predecessor-version":[{"id":13593,"href":"https:\/\/quadrille.pl\/de\/wp-json\/wp\/v2\/pages\/4811\/revisions\/13593"}],"up":[{"embeddable":true,"href":"https:\/\/quadrille.pl\/de\/wp-json\/wp\/v2\/pages\/6433"}],"wp:attachment":[{"href":"https:\/\/quadrille.pl\/de\/wp-json\/wp\/v2\/media?parent=4811"}],"curies":[{"name":"wp","href":"https:\/\/api.w.org\/{rel}","templated":true}]}}