{"id":4739,"date":"2023-09-21T12:33:31","date_gmt":"2023-09-21T12:33:31","guid":{"rendered":"http:\/\/stronatestowa.quadrille.pl\/?page_id=4739"},"modified":"2026-05-04T14:07:55","modified_gmt":"2026-05-04T14:07:55","slug":"romantischer-ausflug","status":"publish","type":"page","link":"https:\/\/quadrille.pl\/de\/oferta\/romantyczna-ucieczka\/","title":{"rendered":"Ein romantischer Ausflug"},"content":{"rendered":"<div data-elementor-type=\"wp-page\" data-elementor-id=\"4739\" class=\"elementor elementor-4739\">\n\t\t\t\t\t\t<section class=\"elementor-section elementor-top-section elementor-element elementor-element-5835d8d elementor-section-full_width elementor-section-height-default elementor-section-height-default\" data-id=\"5835d8d\" data-element_type=\"section\" data-e-type=\"section\" data-settings=\"{&quot;background_background&quot;:&quot;classic&quot;}\">\n\t\t\t\t\t\t\t<div class=\"elementor-background-overlay\"><\/div>\n\t\t\t\t\t\t\t<div class=\"elementor-container elementor-column-gap-no\">\n\t\t\t\t\t<div class=\"elementor-column elementor-col-100 elementor-top-column elementor-element elementor-element-67496d7\" data-id=\"67496d7\" data-element_type=\"column\" data-e-type=\"column\">\n\t\t\t<div class=\"elementor-widget-wrap elementor-element-populated\">\n\t\t\t\t\t\t<div class=\"elementor-element elementor-element-7ee88df elementor-widget elementor-widget-kinsley-intro\" data-id=\"7ee88df\" data-element_type=\"widget\" data-e-type=\"widget\" data-widget_type=\"kinsley-intro.default\">\n\t\t\t\t<div class=\"elementor-widget-container\">\n\t\t\t\t\t\r\n    <!-- banner -->\r\n    <section class=\"knsl-banner-simple knsl-transition-bottom knsl-banner-white\">\r\n      \r\n\t  \t  <div class=\"knsl-cover-frame\">\r\n\t\t\t\t\t\t<div style=\"background-image: url('https:\/\/quadrille.pl\/wp-content\/uploads\/2023\/12\/romantyczna-ucieczka-1-1920x768.jpg');\" class=\"knsl-parallax knsl-banner-slide\"><\/div>\r\n\t\t\t\t\t\t\t\t\t  <\/div>\r\n\t  <div class=\"knsl-overlay\" style=\"opacity: 1;\"><\/div>\r\n\t  \r\n      <div class=\"container\">\r\n        <div class=\"row\">\r\n          <div class=\"col-lg-12\">\r\n\r\n            <div class=\"knsl-center knsl-title-frame\">\r\n                            <h3 class=\"knsl-title--h knsl-mb-20 knsl-h1-inner\">\r\n                <span >\r\n                    Ein romantischer Ausflug                <\/span>\r\n              <\/h3>\r\n                            \r\n              \r\n            <\/div>\r\n\r\n          <\/div>\r\n        <\/div>\r\n      <\/div>\r\n    <\/section>\r\n    <!-- banner end -->\r\n\r\n\t\t\t\t\t\t<\/div>\n\t\t\t\t<\/div>\n\t\t\t\t\t<\/div>\n\t\t<\/div>\n\t\t\t\t\t<\/div>\n\t\t<\/section>\n\t\t\t\t<section class=\"elementor-section elementor-top-section elementor-element elementor-element-fe47cde elementor-reverse-mobile elementor-section-boxed elementor-section-height-default elementor-section-height-default\" data-id=\"fe47cde\" data-element_type=\"section\" data-e-type=\"section\">\n\t\t\t\t\t\t<div class=\"elementor-container elementor-column-gap-wider\">\n\t\t\t\t\t<div class=\"elementor-column elementor-col-100 elementor-top-column elementor-element elementor-element-6075f24\" data-id=\"6075f24\" data-element_type=\"column\" data-e-type=\"column\">\n\t\t\t<div class=\"elementor-widget-wrap elementor-element-populated\">\n\t\t\t\t\t\t<div class=\"elementor-element elementor-element-4895c08 elementor-widget elementor-widget-heading\" data-id=\"4895c08\" data-element_type=\"widget\" data-e-type=\"widget\" data-widget_type=\"heading.default\">\n\t\t\t\t<div class=\"elementor-widget-container\">\n\t\t\t\t\t<h3 class=\"elementor-heading-title elementor-size-default\">Quadrille ist ein Hotel im Herzen von Gdynia, das f\u00fcr Paare geschaffen wurde, die nahe beieinander bleiben wollen....\n<\/h3>\t\t\t\t<\/div>\n\t\t\t\t<\/div>\n\t\t\t\t<div class=\"elementor-element elementor-element-fde1de8 elementor-widget elementor-widget-text-editor\" data-id=\"fde1de8\" data-element_type=\"widget\" data-e-type=\"widget\" data-widget_type=\"text-editor.default\">\n\t\t\t\t<div class=\"elementor-widget-container\">\n\t\t\t\t\t\t\t\t\t<p>Das intime Boutique-Hotel f\u00fcr Erwachsene l\u00e4sst Sie die ganze Welt vergessen und die Zeit zu zweit genie\u00dfen. Das Angebot \"Romantic Escape\" ist die perfekte Geschenkidee f\u00fcr einen geliebten Menschen. Es ist auch die beste Idee f\u00fcr ein Wochenende zu zweit am Meer.<\/p><p>Wir haben an alles gedacht - Begr\u00fc\u00dfungsgetr\u00e4nke, reichhaltige Fr\u00fchst\u00fccke in den Innenr\u00e4umen des Schlosses, stimmungsvolle Abendessen im Restaurant White Rabbit und im Pub 10\/6 sowie Entspannungsbehandlungen Ihrer Wahl warten auf Sie. Wenn Sie zus\u00e4tzliche Hilfe ben\u00f6tigen (z. B. Blumen auf dem Zimmer), wenden Sie sich bitte an unsere Rezeption - wir helfen Ihnen gerne bei der Vorbereitung eines besonderen Wochenendes f\u00fcr zwei Personen im SPA).<\/p>\t\t\t\t\t\t\t\t<\/div>\n\t\t\t\t<\/div>\n\t\t\t\t\t<\/div>\n\t\t<\/div>\n\t\t\t\t\t<\/div>\n\t\t<\/section>\n\t\t\t\t<section class=\"elementor-section elementor-top-section elementor-element elementor-element-d68364a elementor-reverse-mobile elementor-section-boxed elementor-section-height-default elementor-section-height-default\" data-id=\"d68364a\" data-element_type=\"section\" data-e-type=\"section\">\n\t\t\t\t\t\t<div class=\"elementor-container elementor-column-gap-wider\">\n\t\t\t\t\t<div class=\"elementor-column elementor-col-50 elementor-top-column elementor-element elementor-element-104937e\" data-id=\"104937e\" data-element_type=\"column\" data-e-type=\"column\">\n\t\t\t<div class=\"elementor-widget-wrap elementor-element-populated\">\n\t\t\t\t\t\t<div class=\"elementor-element elementor-element-c10f310 elementor-widget elementor-widget-image\" data-id=\"c10f310\" data-element_type=\"widget\" data-e-type=\"widget\" data-widget_type=\"image.default\">\n\t\t\t\t<div class=\"elementor-widget-container\">\n\t\t\t\t\t\t\t\t\t\t\t\t\t\t\t<img decoding=\"async\" src=\"https:\/\/quadrille.pl\/wp-content\/uploads\/elementor\/thumbs\/Apt-Kier-Krol-9-qri3chpv5aa0ndqo5d69iu3abh0jx9t01mh2ebd1o8.jpg\" title=\"Apt Kier Krol (9)\" alt=\"Apt Kier Krol (9)\" loading=\"lazy\" \/>\t\t\t\t\t\t\t\t\t\t\t\t\t\t\t<\/div>\n\t\t\t\t<\/div>\n\t\t\t\t\t<\/div>\n\t\t<\/div>\n\t\t\t\t<div class=\"elementor-column elementor-col-50 elementor-top-column elementor-element elementor-element-9e0b3bb\" data-id=\"9e0b3bb\" data-element_type=\"column\" data-e-type=\"column\">\n\t\t\t<div class=\"elementor-widget-wrap elementor-element-populated\">\n\t\t\t\t\t\t<div class=\"elementor-element elementor-element-5e5d4a8 elementor-widget elementor-widget-heading\" data-id=\"5e5d4a8\" data-element_type=\"widget\" data-e-type=\"widget\" data-widget_type=\"heading.default\">\n\t\t\t\t<div class=\"elementor-widget-container\">\n\t\t\t\t\t<h3 class=\"elementor-heading-title elementor-size-default\">Das Paket enth\u00e4lt:\n<\/h3>\t\t\t\t<\/div>\n\t\t\t\t<\/div>\n\t\t\t\t<div class=\"elementor-element elementor-element-9bb353a elementor-widget elementor-widget-text-editor\" data-id=\"9bb353a\" data-element_type=\"widget\" data-e-type=\"widget\" data-widget_type=\"text-editor.default\">\n\t\t\t\t<div class=\"elementor-widget-container\">\n\t\t\t\t\t\t\t\t\t<ul><li>- mindestens zwei \u00dcbernachtungen im gew\u00e4hlten Teil des Hotel***** Quadrille - dem Palace-Teil mit exklusiven, attraktiv eingerichteten Zimmern, die von gro\u00dfen Schriftstellern inspiriert sind, oder dem Oficyna-Teil - eleganten Hotelzimmern, die komfortabel mit allen Annehmlichkeiten ausgestattet sind,<\/li><li>\u00a0<\/li><li>&#8211; nie\u015bpieszne \u015bniadania w formie bufet\u00f3w z widokiem na park<\/li><li>\u00a0<\/li><li>- s\u00fc\u00dfe Einlage im Zimmer<\/li><li>&#8211; 2 kolacje 3-daniowa \u00e0 la carte serwowana w Pubie 10\/6 lub Restauracji Bia\u0142y Kr\u00f3lik* (dla dwojga) + woda 1 x 0,7 l<\/li><li>\u00a0<\/li><li>&#8211; 1 kieliszek prosecco na osob\u0119 w Pubie 10\/6<\/li><li>\u00a0<\/li><li>- 1 Behandlung pro Person aus der folgenden Liste<\/li><li>\u00a0<\/li><li>- Entspannende Momente in der A'quadrille (Schwimmbad, Whirlpool, Trockensauna, Dampfbad, K\u00fchlzone mit Dusche und Eis, Entspannungszone am Schwimmbad mit Sonnenwiese, Cardio-Zone)<\/li><li>\u00a0<\/li><li>- Parkhaus<\/li><li>\u00a0<\/li><li>- Wi-Fi<\/li><li style=\"list-style-type: none;\">\u00a0<\/li><\/ul>\t\t\t\t\t\t\t\t<\/div>\n\t\t\t\t<\/div>\n\t\t\t\t<div class=\"elementor-element elementor-element-690fab3 elementor-widget elementor-widget-text-editor\" data-id=\"690fab3\" data-element_type=\"widget\" data-e-type=\"widget\" data-widget_type=\"text-editor.default\">\n\t\t\t\t<div class=\"elementor-widget-container\">\n\t\t\t\t\t\t\t\t\t<p>** Inklusive: Vorspeise oder Suppe, Hauptgericht, Dessert, Wasser (1 x 0,7 l), Bedienungsgeld, <a style=\"background-color: #ffffff; letter-spacing: 0px;\" href=\"https:\/\/quadrille.pl\/de\/a-la-carte\/\" target=\"_blank\" rel=\"noopener\"><u>Men\u00fc<\/u><\/a><\/p><ul><li style=\"list-style-type: none;\">\u00a0<\/li><\/ul>\t\t\t\t\t\t\t\t<\/div>\n\t\t\t\t<\/div>\n\t\t\t\t\t<\/div>\n\t\t<\/div>\n\t\t\t\t\t<\/div>\n\t\t<\/section>\n\t\t\t\t<section class=\"elementor-section elementor-top-section elementor-element elementor-element-26056e9 elementor-reverse-mobile elementor-section-boxed elementor-section-height-default elementor-section-height-default\" data-id=\"26056e9\" data-element_type=\"section\" data-e-type=\"section\" data-settings=\"{&quot;background_background&quot;:&quot;classic&quot;}\">\n\t\t\t\t\t\t<div class=\"elementor-container elementor-column-gap-wider\">\n\t\t\t\t\t<div class=\"elementor-column elementor-col-100 elementor-top-column elementor-element elementor-element-e13b3ca\" data-id=\"e13b3ca\" data-element_type=\"column\" data-e-type=\"column\">\n\t\t\t<div class=\"elementor-widget-wrap elementor-element-populated\">\n\t\t\t\t\t\t<div class=\"elementor-element elementor-element-333894c elementor-widget elementor-widget-heading\" data-id=\"333894c\" data-element_type=\"widget\" data-e-type=\"widget\" data-widget_type=\"heading.default\">\n\t\t\t\t<div class=\"elementor-widget-container\">\n\t\t\t\t\t<h3 class=\"elementor-heading-title elementor-size-default\">Behandlungsliste:\n<\/h3>\t\t\t\t<\/div>\n\t\t\t\t<\/div>\n\t\t\t\t<div class=\"elementor-element elementor-element-0f883d4 elementor-widget elementor-widget-text-editor\" data-id=\"0f883d4\" data-element_type=\"widget\" data-e-type=\"widget\" data-widget_type=\"text-editor.default\">\n\t\t\t\t<div class=\"elementor-widget-container\">\n\t\t\t\t\t\t\t\t\t<p><strong>Rytua\u0142 sol\u0105 himalajsk\u0105 \u2013 50 min<br \/><\/strong><em>entspannende Entgiftung<\/em><\/p><p>Eine bemerkenswerte, entgiftende Behandlung, die eine Massage mit einer K\u00f6rperreinigung kombiniert. Das aromatische Zitrus-Kr\u00e4uter-\u00d6l von Caudalie und echtes Himalaya-Salz sind das Rezept f\u00fcr eine glatte und gepflegte Haut in nur wenigen Augenblicken. Ein unverzichtbares Ritual zu jeder Zeit des Jahres.<\/p><p class=\"translation-block\"><strong>Relaks dla plec\u00f3w i st\u00f3p \u2013 50 min<\/strong><br><em>holistyczne po\u0142\u0105czenie dla zdrowia<\/em><\/p><p>Eine nicht zuf\u00e4llige Kombination von Massagen an zwei Schl\u00fcsselstellen des K\u00f6rpers f\u00fcr unser Wohlbefinden: die F\u00fc\u00dfe und der R\u00fccken. Die erste Massage aktiviert eine Reihe von gesundheitsf\u00f6rdernden Eigenschaften, die sich auf unsere k\u00f6rperliche und geistige Gesundheit auswirken. Die zweite konzentriert sich auf die Entspannung der verspannten R\u00fcckenmuskulatur. Das Ganze bringt Erleichterung, Entspannung und eine gl\u00fcckselige Stimmung.<\/p><p><span style=\"letter-spacing: 0px;\"><b>Od\u017cywczy zabieg na twarz marki Mesoestetic \u2013 50 min<br \/><\/b><\/span><em style=\"letter-spacing: 0px;\">intensywna regeneracja i przywr\u00f3cenie blasku sk\u00f3ry<\/em><\/p><p>Odkryj moc zaawansowanej piel\u0119gnacji sk\u00f3ry z od\u017cywczym zabiegiem marki <strong>Mesoestetic<\/strong>, kt\u00f3ry \u0142\u0105czy innowacyjne formu\u0142y z natychmiastowym efektem regeneracji i nawil\u017cenia. To idealna propozycja dla sk\u00f3ry zm\u0119czonej, odwodnionej i pozbawionej blasku, kt\u00f3ra potrzebuje silnego wsparcia w odbudowie i ochronie.<\/p><p>Zabieg polecany jest dla ka\u017cdego typu sk\u00f3ry, szczeg\u00f3lnie suchej, matowej, dojrza\u0142ej lub nara\u017conej na stres oksydacyjny. Sprawdzi si\u0119 tak\u017ce jako intensywna kuracja sezonowa \u2013 np. po lecie lub zimie.<\/p><p>\u00a0<\/p>\t\t\t\t\t\t\t\t<\/div>\n\t\t\t\t<\/div>\n\t\t\t\t\t<\/div>\n\t\t<\/div>\n\t\t\t\t\t<\/div>\n\t\t<\/section>\n\t\t\t\t<section class=\"elementor-section elementor-top-section elementor-element elementor-element-39034d1 elementor-section-boxed elementor-section-height-default elementor-section-height-default\" data-id=\"39034d1\" data-element_type=\"section\" data-e-type=\"section\">\n\t\t\t\t\t\t<div class=\"elementor-container elementor-column-gap-custom\">\n\t\t\t\t\t<div class=\"elementor-column elementor-col-50 elementor-top-column elementor-element elementor-element-b9b104a\" data-id=\"b9b104a\" data-element_type=\"column\" data-e-type=\"column\">\n\t\t\t<div class=\"elementor-widget-wrap elementor-element-populated\">\n\t\t\t\t\t\t<div class=\"elementor-element elementor-element-1067fba elementor-widget elementor-widget-image\" data-id=\"1067fba\" data-element_type=\"widget\" data-e-type=\"widget\" data-widget_type=\"image.default\">\n\t\t\t\t<div class=\"elementor-widget-container\">\n\t\t\t\t\t\t\t\t\t\t\t\t\t\t\t<img decoding=\"async\" src=\"https:\/\/quadrille.pl\/wp-content\/uploads\/elementor\/thumbs\/Aranzacja-Wesele-14-qri3qm8kgl0n5pz11gr8td3ueiq1kch8k6g946x5pc.jpg\" title=\"Hochzeitsplanung (14)\" alt=\"Hochzeitsplanung (14)\" loading=\"lazy\" \/>\t\t\t\t\t\t\t\t\t\t\t\t\t\t\t<\/div>\n\t\t\t\t<\/div>\n\t\t\t\t\t<\/div>\n\t\t<\/div>\n\t\t\t\t<div class=\"elementor-column elementor-col-50 elementor-top-column elementor-element elementor-element-034f246\" data-id=\"034f246\" data-element_type=\"column\" data-e-type=\"column\">\n\t\t\t<div class=\"elementor-widget-wrap elementor-element-populated\">\n\t\t\t\t\t\t<div class=\"elementor-element elementor-element-1c9c6af elementor-widget elementor-widget-heading\" data-id=\"1c9c6af\" data-element_type=\"widget\" data-e-type=\"widget\" data-widget_type=\"heading.default\">\n\t\t\t\t<div class=\"elementor-widget-container\">\n\t\t\t\t\t<h3 class=\"elementor-heading-title elementor-size-default\">Reservierung:\n<\/h3>\t\t\t\t<\/div>\n\t\t\t\t<\/div>\n\t\t\t\t<div class=\"elementor-element elementor-element-d381375 elementor-widget elementor-widget-text-editor\" data-id=\"d381375\" data-element_type=\"widget\" data-e-type=\"widget\" data-widget_type=\"text-editor.default\">\n\t\t\t\t<div class=\"elementor-widget-container\">\n\t\t\t\t\t\t\t\t\t<div><a>recepcja@quadrille.pl<\/a><\/div><div>+48 58 351 03 00<\/div><div>\u00a0<\/div><div><p>Sie sind herzlich willkommen!<\/p><\/div>\t\t\t\t\t\t\t\t<\/div>\n\t\t\t\t<\/div>\n\t\t\t\t<div class=\"elementor-element elementor-element-e94af7e elementor-widget elementor-widget-heading\" data-id=\"e94af7e\" data-element_type=\"widget\" data-e-type=\"widget\" data-widget_type=\"heading.default\">\n\t\t\t\t<div class=\"elementor-widget-container\">\n\t\t\t\t\t<h3 class=\"elementor-heading-title elementor-size-default\">Buchungsbedingungen\n<\/h3>\t\t\t\t<\/div>\n\t\t\t\t<\/div>\n\t\t\t\t<div class=\"elementor-element elementor-element-305a472 elementor-widget elementor-widget-text-editor\" data-id=\"305a472\" data-element_type=\"widget\" data-e-type=\"widget\" data-widget_type=\"text-editor.default\">\n\t\t\t\t<div class=\"elementor-widget-container\">\n\t\t\t\t\t\t\t\t\t<ul><li>\u00a0- Sonderangebot, kann nicht mit anderen Aktionen kombiniert werden,<\/li><li>\u00a0<\/li><li>\u00a0- nicht g\u00fcltig an langen Wochenenden, Feiertagen, Sonderveranstaltungen und Ferien (01.07-31.08),<\/li><li>\u00a0<\/li><li>- gilt f\u00fcr mindestens 2 Tage und h\u00f6chstens 4 Tage<\/li><li>\u00a0<\/li><li>- Wir behalten uns das Recht vor, zwei Sonderangebote pro Tag durchzuf\u00fchren,<\/li><li>\u00a0<\/li><li>- Bei der Buchung ist eine Vorauszahlung von 20% des Aufenthaltswertes zu leisten,<\/li><li>\u00a0<\/li><li>- Eine kostenlose Stornierung\/\u00c4nderung ist bis 14:00 Uhr und bis zu 7 Tage vor der Ankunft m\u00f6glich. Bei einer Stornierung, \u00c4nderung oder Nichtanreise nach diesem Datum wird dem Gast der volle Preis f\u00fcr den gebuchten Aufenthalt in Rechnung gestellt.<\/li><li>\u00a0<\/li><\/ul>\t\t\t\t\t\t\t\t<\/div>\n\t\t\t\t<\/div>\n\t\t\t\t<div class=\"elementor-element elementor-element-c3e301e elementor-widget elementor-widget-html\" data-id=\"c3e301e\" data-element_type=\"widget\" data-e-type=\"widget\" data-widget_type=\"html.default\">\n\t\t\t\t<div class=\"elementor-widget-container\">\n\t\t\t\t\t<button class=\"knsl-btn\" onclick=\"Booking.Open({OfferID:1049652}); return false;\">BUCHEN SIE EIN ROMANTISCHES AUSFLUGSPAKET<\/button>\t\t\t\t<\/div>\n\t\t\t\t<\/div>\n\t\t\t\t\t<\/div>\n\t\t<\/div>\n\t\t\t\t\t<\/div>\n\t\t<\/section>\n\t\t\t\t<\/div>","protected":false},"excerpt":{"rendered":"<p>Romantyczna ucieczka Quadrille to hotel w sercu Gdyni, stworzony z my\u015bl\u0105 o parach pragn\u0105cych poby\u0107 ze sob\u0105 blisko\u2026 Kameralny, butikowy&#8230; <span class=\"knsl-el-more\"><a href=\"https:\/\/quadrille.pl\/de\/oferta\/romantyczna-ucieczka\/\" class=\"knsl-btn\">Mehr lesen<span class=\"screen-reader-text\">Read more&nbsp;Romantyczna ucieczka<\/span><\/a><\/span><\/p>","protected":false},"author":4,"featured_media":0,"parent":6433,"menu_order":0,"comment_status":"closed","ping_status":"closed","template":"template-layout-builder.php","meta":{"footnotes":""},"class_list":["post-4739","page","type-page","status-publish","hentry"],"acf":[],"aioseo_notices":[],"_links":{"self":[{"href":"https:\/\/quadrille.pl\/de\/wp-json\/wp\/v2\/pages\/4739","targetHints":{"allow":["GET"]}}],"collection":[{"href":"https:\/\/quadrille.pl\/de\/wp-json\/wp\/v2\/pages"}],"about":[{"href":"https:\/\/quadrille.pl\/de\/wp-json\/wp\/v2\/types\/page"}],"author":[{"embeddable":true,"href":"https:\/\/quadrille.pl\/de\/wp-json\/wp\/v2\/users\/4"}],"replies":[{"embeddable":true,"href":"https:\/\/quadrille.pl\/de\/wp-json\/wp\/v2\/comments?post=4739"}],"version-history":[{"count":63,"href":"https:\/\/quadrille.pl\/de\/wp-json\/wp\/v2\/pages\/4739\/revisions"}],"predecessor-version":[{"id":13584,"href":"https:\/\/quadrille.pl\/de\/wp-json\/wp\/v2\/pages\/4739\/revisions\/13584"}],"up":[{"embeddable":true,"href":"https:\/\/quadrille.pl\/de\/wp-json\/wp\/v2\/pages\/6433"}],"wp:attachment":[{"href":"https:\/\/quadrille.pl\/de\/wp-json\/wp\/v2\/media?parent=4739"}],"curies":[{"name":"wp","href":"https:\/\/api.w.org\/{rel}","templated":true}]}}