{"id":3796,"date":"2023-09-11T14:41:53","date_gmt":"2023-09-11T14:41:53","guid":{"rendered":"http:\/\/stronatestowa.quadrille.pl\/?page_id=3796"},"modified":"2025-12-22T11:29:03","modified_gmt":"2025-12-22T11:29:03","slug":"kontakt","status":"publish","type":"page","link":"https:\/\/quadrille.pl\/de\/kontakt\/","title":{"rendered":"Kontakt"},"content":{"rendered":"<div data-elementor-type=\"wp-page\" data-elementor-id=\"3796\" class=\"elementor elementor-3796\">\n\t\t\t\t\t\t<section class=\"elementor-section elementor-top-section elementor-element elementor-element-f7ceadc elementor-section-full_width elementor-section-height-default elementor-section-height-default\" data-id=\"f7ceadc\" data-element_type=\"section\" data-e-type=\"section\" data-settings=\"{&quot;background_background&quot;:&quot;classic&quot;}\">\n\t\t\t\t\t\t\t<div class=\"elementor-background-overlay\"><\/div>\n\t\t\t\t\t\t\t<div class=\"elementor-container elementor-column-gap-no\">\n\t\t\t\t\t<div class=\"elementor-column elementor-col-100 elementor-top-column elementor-element elementor-element-2002996\" data-id=\"2002996\" data-element_type=\"column\" data-e-type=\"column\">\n\t\t\t<div class=\"elementor-widget-wrap elementor-element-populated\">\n\t\t\t\t\t\t<div class=\"elementor-element elementor-element-a92202e elementor-widget elementor-widget-kinsley-intro\" data-id=\"a92202e\" data-element_type=\"widget\" data-e-type=\"widget\" data-widget_type=\"kinsley-intro.default\">\n\t\t\t\t<div class=\"elementor-widget-container\">\n\t\t\t\t\t\r\n    <!-- banner -->\r\n    <section class=\"knsl-banner-simple knsl-transition-bottom knsl-banner-white\">\r\n      \r\n\t  \r\n      <div class=\"container\">\r\n        <div class=\"row\">\r\n          <div class=\"col-lg-12\">\r\n\r\n            <div class=\"knsl-center knsl-title-frame\">\r\n                            <h2 class=\"knsl-title--h knsl-mb-20 knsl-h1-inner\">\r\n                <span >\r\n                    Kontakt aufnehmen                <\/span>\r\n              <\/h2>\r\n                            \r\n              \r\n            <\/div>\r\n\r\n          <\/div>\r\n        <\/div>\r\n      <\/div>\r\n    <\/section>\r\n    <!-- banner end -->\r\n\r\n\t\t\t\t\t\t<\/div>\n\t\t\t\t<\/div>\n\t\t\t\t\t<\/div>\n\t\t<\/div>\n\t\t\t\t\t<\/div>\n\t\t<\/section>\n\t\t\t\t<section class=\"elementor-section elementor-top-section elementor-element elementor-element-2f130bb elementor-section-full_width elementor-section-height-default elementor-section-height-default\" data-id=\"2f130bb\" data-element_type=\"section\" data-e-type=\"section\">\n\t\t\t\t\t\t<div class=\"elementor-container elementor-column-gap-no\">\n\t\t\t\t\t<div class=\"elementor-column elementor-col-100 elementor-top-column elementor-element elementor-element-9eeb528\" data-id=\"9eeb528\" data-element_type=\"column\" data-e-type=\"column\">\n\t\t\t<div class=\"elementor-widget-wrap elementor-element-populated\">\n\t\t\t\t\t\t<div class=\"elementor-element elementor-element-dfc25f5 elementor-widget elementor-widget-kinsley-contact-info\" data-id=\"dfc25f5\" data-element_type=\"widget\" data-e-type=\"widget\" data-widget_type=\"kinsley-contact-info.default\">\n\t\t\t\t<div class=\"elementor-widget-container\">\n\t\t\t\t\t\r\n\t\t<!-- contact -->\r\n    <section>\r\n\r\n      <div id=\"knsl-triger-1\"><\/div>\r\n\r\n      <div class=\"container\">\r\n\r\n        <!-- features card -->\r\n        <div class=\"knsl-features-card\">\r\n\t\t\t\t\t          <div class=\"row\">\r\n\t\t\t\t\t\t            <div class=\"col-12 col-lg-4\">\r\n\r\n              <!-- icon box -->\r\n              <div class=\"knsl-icon-box\">\r\n\t\t\t\t\t\t\t\t                <img decoding=\"async\" src=\"https:\/\/quadrille.pl\/wp-content\/uploads\/2021\/12\/f-9.png\" alt=\"Symbol\" class=\"knsl-mb-10\" \/>\r\n\t\t\t\t\t\t\t\t\t\t\t\t\t\t\t\t                <h5 class=\"knsl-mb-10\">\r\n\t\t\t\t\t\t\t\t\t<span >\r\n\t\t\t\t\t\t\t\t\t\tAdresse\t\t\t\t\t\t\t\t\t<\/span>\r\n\t\t\t\t\t\t\t\t<\/h5>\r\n\t\t\t\t\t\t\t\t\t\t\t\t\t\t\t\t                <p>\r\n\t\t\t\t\t\t\t\t\t<span >\r\n\t\t\t\t\t\t\t\t\t\tFolwarczna-Stra\u00dfe 2, 81-547 Gdynia<br> GPS: 54.481090 | 18.540057\t\t\t\t\t\t\t\t\t<\/span>\r\n\t\t\t\t\t\t\t\t<\/p>\r\n\t\t\t\t\t\t\t\t              <\/div>\r\n              <!-- icon box end -->\r\n\r\n            <\/div>\r\n\t\t\t\t\t\t            <div class=\"col-12 col-lg-4\">\r\n\r\n              <!-- icon box -->\r\n              <div class=\"knsl-icon-box\">\r\n\t\t\t\t\t\t\t\t                <img decoding=\"async\" src=\"https:\/\/quadrille.pl\/wp-content\/uploads\/2021\/12\/f-10.png\" alt=\"Symbol\" class=\"knsl-mb-10\" \/>\r\n\t\t\t\t\t\t\t\t\t\t\t\t\t\t\t\t                <h5 class=\"knsl-mb-10\">\r\n\t\t\t\t\t\t\t\t\t<span >\r\n\t\t\t\t\t\t\t\t\t\tTelefon\t\t\t\t\t\t\t\t\t<\/span>\r\n\t\t\t\t\t\t\t\t<\/h5>\r\n\t\t\t\t\t\t\t\t\t\t\t\t\t\t\t\t                <p>\r\n\t\t\t\t\t\t\t\t\t<span >\r\n\t\t\t\t\t\t\t\t\t\t+48 583510300\t\t\t\t\t\t\t\t\t<\/span>\r\n\t\t\t\t\t\t\t\t<\/p>\r\n\t\t\t\t\t\t\t\t              <\/div>\r\n              <!-- icon box end -->\r\n\r\n            <\/div>\r\n\t\t\t\t\t\t            <div class=\"col-12 col-lg-4\">\r\n\r\n              <!-- icon box -->\r\n              <div class=\"knsl-icon-box\">\r\n\t\t\t\t\t\t\t\t                <img decoding=\"async\" src=\"https:\/\/quadrille.pl\/wp-content\/uploads\/2021\/12\/f-11.png\" alt=\"Symbol\" class=\"knsl-mb-10\" \/>\r\n\t\t\t\t\t\t\t\t\t\t\t\t\t\t\t\t                <h5 class=\"knsl-mb-10\">\r\n\t\t\t\t\t\t\t\t\t<span >\r\n\t\t\t\t\t\t\t\t\t\tE-Mail\t\t\t\t\t\t\t\t\t<\/span>\r\n\t\t\t\t\t\t\t\t<\/h5>\r\n\t\t\t\t\t\t\t\t\t\t\t\t\t\t\t\t                <p>\r\n\t\t\t\t\t\t\t\t\t<span >\r\n\t\t\t\t\t\t\t\t\t\trecepcja@quadrille.pl\t\t\t\t\t\t\t\t\t<\/span>\r\n\t\t\t\t\t\t\t\t<\/p>\r\n\t\t\t\t\t\t\t\t              <\/div>\r\n              <!-- icon box end -->\r\n\r\n            <\/div>\r\n\t\t\t\t\t\t          <\/div>\r\n\t\t\t\t\t        <\/div>\r\n        <!-- contact end -->\r\n\r\n      <\/div>\r\n    <\/section>\r\n\r\n\t\t\t\t\t\t<\/div>\n\t\t\t\t<\/div>\n\t\t\t\t\t<\/div>\n\t\t<\/div>\n\t\t\t\t\t<\/div>\n\t\t<\/section>\n\t\t\t\t<section class=\"elementor-section elementor-top-section elementor-element elementor-element-b803752 elementor-reverse-mobile elementor-section-boxed elementor-section-height-default elementor-section-height-default\" data-id=\"b803752\" data-element_type=\"section\" data-e-type=\"section\">\n\t\t\t\t\t\t<div class=\"elementor-container elementor-column-gap-custom\">\n\t\t\t\t\t<div class=\"elementor-column elementor-col-50 elementor-top-column elementor-element elementor-element-73195ca\" data-id=\"73195ca\" data-element_type=\"column\" data-e-type=\"column\">\n\t\t\t<div class=\"elementor-widget-wrap elementor-element-populated\">\n\t\t\t\t\t\t<div class=\"elementor-element elementor-element-20e7661 elementor-widget elementor-widget-image\" data-id=\"20e7661\" data-element_type=\"widget\" data-e-type=\"widget\" data-widget_type=\"image.default\">\n\t\t\t\t<div class=\"elementor-widget-container\">\n\t\t\t\t\t\t\t\t\t\t\t\t\t\t\t<img decoding=\"async\" src=\"https:\/\/quadrille.pl\/wp-content\/uploads\/elementor\/thumbs\/bialy-krolik-gdynia-2-qri3rnu3g11m0tpekf8i9ia3gc8t5f11spi682vb94.jpg\" title=\"wei\u00dfes kaninchen gdynia (2)\" alt=\"wei\u00dfes kaninchen gdynia (2)\" loading=\"lazy\" \/>\t\t\t\t\t\t\t\t\t\t\t\t\t\t\t<\/div>\n\t\t\t\t<\/div>\n\t\t\t\t\t<\/div>\n\t\t<\/div>\n\t\t\t\t<div class=\"elementor-column elementor-col-50 elementor-top-column elementor-element elementor-element-17a3e05\" data-id=\"17a3e05\" data-element_type=\"column\" data-e-type=\"column\">\n\t\t\t<div class=\"elementor-widget-wrap elementor-element-populated\">\n\t\t\t\t\t\t<div class=\"elementor-element elementor-element-ef41548 elementor-widget elementor-widget-heading\" data-id=\"ef41548\" data-element_type=\"widget\" data-e-type=\"widget\" data-widget_type=\"heading.default\">\n\t\t\t\t<div class=\"elementor-widget-container\">\n\t\t\t\t\t<h3 class=\"elementor-heading-title elementor-size-default\">Bankverbindung:<\/h3>\t\t\t\t<\/div>\n\t\t\t\t<\/div>\n\t\t\t\t<div class=\"elementor-element elementor-element-e30e2bc elementor-widget elementor-widget-text-editor\" data-id=\"e30e2bc\" data-element_type=\"widget\" data-e-type=\"widget\" data-widget_type=\"text-editor.default\">\n\t\t\t\t<div class=\"elementor-widget-container\">\n\t\t\t\t\t\t\t\t\t<p class=\"p1\">\"Folwarczna\" G\u00f3rski Sp. z o.o. S.K.A.<br \/>Folwarczna-Stra\u00dfe 2, 81-547 Gdynia<br \/>KRS 0000457351<br \/>Bezirksgericht Gda\u0144sk-P\u00f3\u0142noc<br \/>VIII. Handelsabteilung<br \/>Grundkapital: 10.180.000 PLN<br \/>NIP 5862282192<br \/>BGK Niederlassung Gda\u0144sk<br \/>80113011210080016935200001<br \/>IBAN: PL80113011210080016935200001<br \/>MAUERSEGLER: GOSKPLPW<\/p>\t\t\t\t\t\t\t\t<\/div>\n\t\t\t\t<\/div>\n\t\t\t\t<div class=\"elementor-element elementor-element-966eea0 elementor-widget elementor-widget-heading\" data-id=\"966eea0\" data-element_type=\"widget\" data-e-type=\"widget\" data-widget_type=\"heading.default\">\n\t\t\t\t<div class=\"elementor-widget-container\">\n\t\t\t\t\t<h3 class=\"elementor-heading-title elementor-size-default\">GDS-Codes:<\/h3>\t\t\t\t<\/div>\n\t\t\t\t<\/div>\n\t\t\t\t<div class=\"elementor-element elementor-element-5aa5f2e elementor-widget elementor-widget-text-editor\" data-id=\"5aa5f2e\" data-element_type=\"widget\" data-e-type=\"widget\" data-widget_type=\"text-editor.default\">\n\t\t\t\t<div class=\"elementor-widget-container\">\n\t\t\t\t\t\t\t\t\t<p class=\"p1\">Amadeus (1A): <strong>WBQYDADB<\/strong><br \/>S\u00e4bel (AA): <strong>WB464530<\/strong><br \/>Apollo\/Galileo (UA): <strong>WBE4568<\/strong><br \/>Worldspan (TW): <strong>WBGDNQU<\/strong><\/p>\t\t\t\t\t\t\t\t<\/div>\n\t\t\t\t<\/div>\n\t\t\t\t\t<\/div>\n\t\t<\/div>\n\t\t\t\t\t<\/div>\n\t\t<\/section>\n\t\t\t\t<section class=\"elementor-section elementor-top-section elementor-element elementor-element-473d760 elementor-section-boxed elementor-section-height-default elementor-section-height-default\" data-id=\"473d760\" data-element_type=\"section\" data-e-type=\"section\" data-settings=\"{&quot;background_background&quot;:&quot;classic&quot;}\">\n\t\t\t\t\t\t<div class=\"elementor-container elementor-column-gap-default\">\n\t\t\t\t\t<div class=\"elementor-column elementor-col-100 elementor-top-column elementor-element elementor-element-59e5116\" data-id=\"59e5116\" data-element_type=\"column\" data-e-type=\"column\">\n\t\t\t<div class=\"elementor-widget-wrap elementor-element-populated\">\n\t\t\t\t\t\t<div class=\"elementor-element elementor-element-a6382c1 elementor-widget elementor-widget-heading\" data-id=\"a6382c1\" data-element_type=\"widget\" data-e-type=\"widget\" data-widget_type=\"heading.default\">\n\t\t\t\t<div class=\"elementor-widget-container\">\n\t\t\t\t\t<h3 class=\"elementor-heading-title elementor-size-default\"><a href=\"https:\/\/quadrille.pl\/wp-content\/uploads\/2025\/12\/FAQ_PL_EN.pdf.pdf\">H\u00e4ufig gestellte Fragen (FAQs)<\/a><\/h3>\t\t\t\t<\/div>\n\t\t\t\t<\/div>\n\t\t\t\t\t<\/div>\n\t\t<\/div>\n\t\t\t\t\t<\/div>\n\t\t<\/section>\n\t\t\t\t<section class=\"elementor-section elementor-top-section elementor-element elementor-element-37ba495 elementor-section-full_width elementor-section-height-default elementor-section-height-default\" data-id=\"37ba495\" data-element_type=\"section\" data-e-type=\"section\">\n\t\t\t\t\t\t<div class=\"elementor-container elementor-column-gap-no\">\n\t\t\t\t\t<div class=\"elementor-column elementor-col-100 elementor-top-column elementor-element elementor-element-8a45329\" data-id=\"8a45329\" data-element_type=\"column\" data-e-type=\"column\">\n\t\t\t<div class=\"elementor-widget-wrap elementor-element-populated\">\n\t\t\t\t\t\t<div class=\"elementor-element elementor-element-789e7d6 elementor-widget elementor-widget-kinsley-contact-form\" data-id=\"789e7d6\" data-element_type=\"widget\" data-e-type=\"widget\" data-widget_type=\"kinsley-contact-form.default\">\n\t\t\t\t<div class=\"elementor-widget-container\">\n\t\t\t\t\t\r\n    <section class=\"knsl-transition-none knsl-p-0-100\">\r\n      \r\n      <div class=\"container\">\r\n        <div class=\"row\">\r\n                    <div class=\"col-lg-12\">\r\n            <div class=\"knsl-center knsl-title-frame knsl-scroll-animation knsl-mb-100\">\r\n                            <h2 class=\"knsl-title--h knsl-mb-20\">\r\n                <span >\r\n                    Schreiben Sie uns                <\/span>\r\n              <\/h2>\r\n                                          <p class=\"knsl-text knsl-mb-30\">\r\n                <span >\r\n                    Wenn Sie es vorziehen, uns \u00fcber das Formular zu kontaktieren, f\u00fcllen Sie bitte die unten stehenden Felder aus.                <\/span>\r\n              <\/p>\r\n                                        <\/div>\r\n          <\/div>\r\n                              <div class=\"col-lg-12\">\r\n            <div class=\"knsl-scroll-animation-default\">\r\n              \n<div class=\"wpcf7 no-js\" id=\"wpcf7-f384-o1\" lang=\"en-US\" dir=\"ltr\" data-wpcf7-id=\"384\">\n<div class=\"screen-reader-response\"><p role=\"status\" aria-live=\"polite\" aria-atomic=\"true\"><\/p> <ul><\/ul><\/div>\n<form action=\"\/de\/wp-json\/wp\/v2\/pages\/3796#wpcf7-f384-o1\" method=\"post\" class=\"wpcf7-form init\" aria-label=\"Contact form\" novalidate=\"novalidate\" data-status=\"init\" data-trp-original-action=\"\/de\/wp-json\/wp\/v2\/pages\/3796#wpcf7-f384-o1\">\n<fieldset class=\"hidden-fields-container\"><input type=\"hidden\" name=\"_wpcf7\" value=\"384\" \/><input type=\"hidden\" name=\"_wpcf7_version\" value=\"6.1.5\" \/><input type=\"hidden\" name=\"_wpcf7_locale\" value=\"en_US\" \/><input type=\"hidden\" name=\"_wpcf7_unit_tag\" value=\"wpcf7-f384-o1\" \/><input type=\"hidden\" name=\"_wpcf7_container_post\" value=\"0\" \/><input type=\"hidden\" name=\"_wpcf7_posted_data_hash\" value=\"\" \/>\n<\/fieldset>\n<div class=\"row\">\n  <div class=\"col-lg-6\">\n    <span class=\"wpcf7-form-control-wrap\" data-name=\"cf-name\"><input size=\"40\" maxlength=\"400\" class=\"wpcf7-form-control wpcf7-text wpcf7-validates-as-required\" aria-required=\"true\" aria-invalid=\"false\" placeholder=\"Name\" value=\"\" type=\"text\" name=\"cf-name\" \/><\/span>\n  <\/div>\n  <div class=\"col-lg-6\">\n    <span class=\"wpcf7-form-control-wrap\" data-name=\"cf-email\"><input size=\"40\" maxlength=\"400\" class=\"wpcf7-form-control wpcf7-email wpcf7-validates-as-required wpcf7-text wpcf7-validates-as-email\" aria-required=\"true\" aria-invalid=\"false\" placeholder=\"E-Mail\" value=\"\" type=\"email\" name=\"cf-email\" \/><\/span>\n  <\/div>\n  <div class=\"col-lg-12\">\n    <span class=\"wpcf7-form-control-wrap\" data-name=\"cf-message\"><textarea cols=\"40\" rows=\"10\" maxlength=\"2000\" class=\"wpcf7-form-control wpcf7-textarea\" aria-invalid=\"false\" placeholder=\"Nachricht\" name=\"cf-message\"><\/textarea><\/span>\n  <\/div>\n  <div class=\"col-lg-12\">\n    <div class=\"knsl-form-submit-frame\">\n    <\/div>\n  <\/div>\n         <\/div> <br><button type=\"submit\" class=\"knsl-btn\">Senden Sie<\/button>\n <input type=\"hidden\" name=\"trp-form-language\" value=\"de\"\/><\/div>\n  <\/div>\n  <span class=\"wpcf7-form-control-wrap\" data-name=\"acceptance-141\"><span class=\"wpcf7-form-control wpcf7-acceptance\"><span class=\"wpcf7-list-item\"><input type=\"checkbox\" name=\"acceptance-141\" value=\"1\" aria-invalid=\"false\" \/><\/span><\/span><\/span><div class=\"knsl-text-sm\">Ich stimme der Verarbeitung meiner pers\u00f6nlichen Daten, einschlie\u00dflich der E-Mail-Adresse und der Telefonnummer, die ich im Kontaktformular angegeben habe, durch \"Folwarczna\" G\u00f3rski sp. z o.o. S.K.A. mit Sitz in Gdynia (KRS-Nr.: 0000457351), um eine Antwort auf die gestellte Frage zu erhalten.<\/div>\n\n<span class=\"wpcf7-form-control-wrap\" data-name=\"acceptance-141\"><span class=\"wpcf7-form-control wpcf7-acceptance\"><span class=\"wpcf7-list-item\"><input type=\"checkbox\" name=\"acceptance-141\" value=\"1\" aria-invalid=\"false\" \/><\/span><\/span><\/span><div class=\"knsl-text-sm\"> Ich erkl\u00e4re mich damit einverstanden, dass meine personenbezogenen Daten in Form einer E-Mail-Adresse von \"Folwarczna\" G\u00f3rski Sp\u00f3\u0142ka z o.o S.K.A. mit Sitz in Gdynia, Folwarczna 2, 81-547 Gdynia (KRS-Nr.: 0000457351) zum Zweck der Zusendung von kommerziellen Informationen \u00fcber Produkte und Dienstleistungen, die von \"Folwarczna\" G\u00f3rski sp z.o.o. S.K.A. (KRS-Nr.: 0000457351) angebotenen Produkte und Dienstleistungen mittels elektronischer Kommunikation gem\u00e4\u00df Artikel 10 Absatz 1 und 2 des Gesetzes \u00fcber die elektronische Erbringung von Dienstleistungen.<\/div>\n\n<span class=\"wpcf7-form-control-wrap\" data-name=\"acceptance-141\"><span class=\"wpcf7-form-control wpcf7-acceptance\"><span class=\"wpcf7-list-item\"><input type=\"checkbox\" name=\"acceptance-141\" value=\"1\" aria-invalid=\"false\" \/><\/span><\/span><\/span><div class=\"knsl-text-sm\"> Ich stimme der Verarbeitung meiner personenbezogenen Daten in Form meiner E-Mail-Adresse durch \"Folwarczna\" G\u00f3rski Sp\u00f3\u0142ka z o.o S.K.A. mit Sitz in Gdynia, ul. Folwarczna 2, 81-547 Gdynia (KRS-Nr.: 0000457351) (Verwalter personenbezogener Daten) und BQL Hospitality Group Sp. z o.o. mit Sitz in Gdynia, ul. Folwarczna 2, 81 - 547 Gdynia (KRS-Nr.: 0000563068) (Mitverwalter der personenbezogenen Daten) zum Zweck der Zusendung von kommerziellen Informationen \u00fcber Produkte und Dienstleistungen, die von \"Folwarczna\" G\u00f3rski sp z.o.o. S.K.A z\/s in Gdynia und BQL Hospitality Group Sp. z o.o. z\/s in Gdynia (Hotel Quadrille in Gdynia, Ferienanlage \"Le\u015bny Dw\u00f3r\" in Sul\u0119czyn und Hevelius Brewery, Hewelke Restaurant &amp; Bakery in Gda\u0144sk) angebotenen Produkte und Dienstleistungen mittels elektronischer Kommunikation, gem\u00e4\u00df den Bestimmungen des Artikels 10(1) und (2) des Gesetzes \u00fcber die Erbringung von Dienstleistungen durch elektronische Mittel. Die Angabe der Daten ist freiwillig. Ausf\u00fchrliche Informationen \u00fcber die Grunds\u00e4tze unserer Verarbeitung personenbezogener Daten, einschlie\u00dflich der Mitverwaltung, finden Sie in unserer <a href=\"https:\/\/quadrille.pl\/de\/polityka-prywatnosci\/\" target=\"_blank\" rel=\"noopener noreferrer\">Datenschutzbestimmungen.<\/a><\/div><input type=\"hidden\" id=\"gr_form_nonce\" name=\"gr_form_nonce\" value=\"fb0f15bf9b\" \/><input type=\"hidden\" name=\"_wp_http_referer\" value=\"\/de\/wp-json\/wp\/v2\/pages\/3796\" \/><input type=\"text\" name=\"FVbks\" value=\"\" style=\"display: none !important;\" \/><div class=\"wpcf7-response-output\" aria-hidden=\"true\"><\/div>\n<\/form>\n<\/div>\n            <\/div>\r\n          <\/div>\r\n                  <\/div>\r\n      <\/div>\r\n    <\/section>\r\n\r\n\t\t\t\t\t\t<\/div>\n\t\t\t\t<\/div>\n\t\t\t\t\t<\/div>\n\t\t<\/div>\n\t\t\t\t\t<\/div>\n\t\t<\/section>\n\t\t\t\t<\/div>","protected":false},"excerpt":{"rendered":"<p>Skontaktuj si\u0119 Addres ul. Folwarczna 2, 81-547 Gdynia GPS: 54.481090 | 18.540057 Telefon +48 583510300 E-mail recepcja@quadrille.pl Dane bankowe: \u201eFolwarczna\u201d&#8230; <span class=\"knsl-el-more\"><a href=\"https:\/\/quadrille.pl\/de\/kontakt\/\" class=\"knsl-btn\">Mehr lesen<span class=\"screen-reader-text\">Read more&nbsp;Kontakt<\/span><\/a><\/span><\/p>","protected":false},"author":4,"featured_media":0,"parent":0,"menu_order":0,"comment_status":"closed","ping_status":"closed","template":"template-layout-builder.php","meta":{"footnotes":""},"class_list":["post-3796","page","type-page","status-publish","hentry"],"acf":[],"aioseo_notices":[],"_links":{"self":[{"href":"https:\/\/quadrille.pl\/de\/wp-json\/wp\/v2\/pages\/3796","targetHints":{"allow":["GET"]}}],"collection":[{"href":"https:\/\/quadrille.pl\/de\/wp-json\/wp\/v2\/pages"}],"about":[{"href":"https:\/\/quadrille.pl\/de\/wp-json\/wp\/v2\/types\/page"}],"author":[{"embeddable":true,"href":"https:\/\/quadrille.pl\/de\/wp-json\/wp\/v2\/users\/4"}],"replies":[{"embeddable":true,"href":"https:\/\/quadrille.pl\/de\/wp-json\/wp\/v2\/comments?post=3796"}],"version-history":[{"count":9,"href":"https:\/\/quadrille.pl\/de\/wp-json\/wp\/v2\/pages\/3796\/revisions"}],"predecessor-version":[{"id":12513,"href":"https:\/\/quadrille.pl\/de\/wp-json\/wp\/v2\/pages\/3796\/revisions\/12513"}],"wp:attachment":[{"href":"https:\/\/quadrille.pl\/de\/wp-json\/wp\/v2\/media?parent=3796"}],"curies":[{"name":"wp","href":"https:\/\/api.w.org\/{rel}","templated":true}]}}